{"id":9,"date":"2012-06-29T14:02:34","date_gmt":"2012-06-29T14:02:34","guid":{"rendered":"http:\/\/churchope.themoholics.com\/?page_id=9"},"modified":"2017-10-30T15:38:04","modified_gmt":"2017-10-30T13:38:04","slug":"frontpage","status":"publish","type":"page","link":"https:\/\/www.dobrovolnik.org\/","title":{"rendered":"FrontPage"},"content":{"rendered":"<div class='one_third ' > <a href=\"http:\/\/www.dobrovolnik.org\/?page_id=1643\" class=\"teaser_box\"><img src=\"http:\/\/www.dobrovolnik.org\/wp-content\/uploads\/2017\/02\/navrhniDRTNK.jpg\" alt=\"DRTNK\"><span class=\"teaser_title\"><span class=\"teaser_title_inner\">DRTNK<\/span><span class=\"teaser_more\">viac info<\/span><\/span><\/a> <\/div>\n<div class='one_third ' > <a href=\"http:\/\/www.dobrovolnik.org\/?page_id=1634\" class=\"teaser_box\"><img src=\"http:\/\/www.dobrovolnik.org\/wp-content\/uploads\/2017\/02\/historiaDRTNK.jpg\" alt=\"Hist\u00f3ria dobrovo\u013en\u00edka\"><span class=\"teaser_title\"><span class=\"teaser_title_inner\">Hist\u00f3ria dobrovo\u013en\u00edka<\/span><span class=\"teaser_more\">pozri minul\u00e9 roky<\/span><\/span><\/a> <\/div>\n<div class='one_third last' > <a href=\"http:\/\/www.dobrovolnik.org\/?page_id=1711\" class=\"teaser_box\"><img src=\"http:\/\/www.dobrovolnik.org\/wp-content\/uploads\/2017\/02\/drtnkINFO.jpg\" alt=\"Navrhni dobrovo\u013en\u00edka!\"><span class=\"teaser_title\"><span class=\"teaser_title_inner\">Navrhni dobrovo\u013en\u00edka!<\/span><span class=\"teaser_more\">zisti, ako na to<\/span><\/span><\/a> <\/div>\n<div class='clearfix'><\/div>\n<p><center><a title=\"Webhosting, dom\u00e9ny, virtu\u00e1lne servery\" href=\"https:\/\/www.websupport.sk\/freeweb#site=freeweb&amp;ban=d66d4825\" target=\"_top\"><img decoding=\"async\" loading=\"lazy\" class=\"aligncenter\" title=\"Webhosting, dom\u00e9ny, virtu\u00e1lne servery\" src=\"http:\/\/provizie.websupport.sk\/accounts\/default1\/banners2\/sk\/728x90freeweb_SK.png\" alt=\"Sponzorvan\u00fd hosting od WebSupport.sk\" width=\"728\" height=\"90\" \/><img decoding=\"async\" loading=\"lazy\" style=\"border: 0;\" src=\"http:\/\/provizie.websupport.sk\/scripts\/imp.php?site=freeweb&amp;ban=d66d4825\" alt=\"\" width=\"1\" height=\"1\" \/><\/a><\/center><\/p>\n<hr \/>\n<div class='two_third ' >\n<h4>Novinky<\/h4>\n<article class=\"posts_listing blog_shortcode clearfix post-2522 post type-post status-publish format-standard has-post-thumbnail hentry category-bez-kategorie category-novinky\" id=\"post-2522\">\n<p>\t\t\t\t\t\t\t\t\t<a href=\"https:\/\/www.dobrovolnik.org\/?p=2522\" title=\"U\u017e pozn\u00e1me men\u00e1 ocenen\u00fdch dobrovo\u013en\u00edkov\" class=\"imgborder clearfix thumb\"><img src=\"https:\/\/www.dobrovolnik.org\/wp-content\/uploads\/2017\/05\/drtnk2017-all-people-150x100.jpg\" class=\"attachment-blog_shortcode size-blog_shortcode wp-post-image\" alt=\"\" decoding=\"async\" loading=\"lazy\" srcset=\"https:\/\/www.dobrovolnik.org\/wp-content\/uploads\/2017\/05\/drtnk2017-all-people-150x100.jpg 150w, https:\/\/www.dobrovolnik.org\/wp-content\/uploads\/2017\/05\/drtnk2017-all-people-300x200.jpg 300w, https:\/\/www.dobrovolnik.org\/wp-content\/uploads\/2017\/05\/drtnk2017-all-people-768x512.jpg 768w, https:\/\/www.dobrovolnik.org\/wp-content\/uploads\/2017\/05\/drtnk2017-all-people-1024x683.jpg 1024w, https:\/\/www.dobrovolnik.org\/wp-content\/uploads\/2017\/05\/drtnk2017-all-people-75x50.jpg 75w, https:\/\/www.dobrovolnik.org\/wp-content\/uploads\/2017\/05\/drtnk2017-all-people.jpg 1080w\" sizes=\"(max-width: 150px) 100vw, 150px\" \/><\/a><\/p>\n<h2 class=\"entry-title\"><a href=\"https:\/\/www.dobrovolnik.org\/?p=2522\" rel=\"bookmark\" title=\"Permanent Link to U\u017e pozn\u00e1me men\u00e1 ocenen\u00fdch dobrovo\u013en\u00edkov\">U\u017e pozn\u00e1me men\u00e1 ocenen\u00fdch dobrovo\u013en\u00edkov<\/a><\/h2>\n<div class=\"entry-content\">\n<p>V\u00a0piatok 12.5.2017 si dobrovo\u013en\u00edci prevzali ceny v\u00a0Kas\u00e1r\u0148ach na Tren\u010dianskom hrade. \u00a0U\u017e v\u00a0porad\u00ed 5. ro\u010dn\u00edk oce\u0148ovania dobrovo\u013en\u00edkov sa kon\u00e1 pod z\u00e1\u0161titou predsedu TSK Jaroslava Ba\u0161ku, ktor\u00fd v \u00a0spolupr\u00e1ci s\u00a0Tren\u010dianskym samospr\u00e1vnym krajom, Tren\u010dianskou univerzitou Alexandra Dub\u010deka a\u00a0Tren\u010dianskym m\u00fazeom v\u00a0Tren\u010d\u00edne zabezpe\u010dila Rada ml\u00e1de\u017ee Tren\u010dianskeho kraja. Slov\u00e1 Nely Mackovej v\u00a0podobe b\u00e1sne z\u00a0vlastnej tvorby vh\u00e1\u0148ali n\u00e1dherne pocity do mysl\u00ed v\u0161etk\u00fdch&#8230;<\/p>\n<\/p><\/div>\n<\/article>\n<article class=\"posts_listing blog_shortcode clearfix post-2512 post type-post status-publish format-standard has-post-thumbnail hentry category-bez-kategorie category-novinky\" id=\"post-2512\">\n<p>\t\t\t\t\t\t\t\t\t<a href=\"https:\/\/www.dobrovolnik.org\/?p=2512\" title=\"DRTNK 2017\" class=\"imgborder clearfix thumb\"><img src=\"https:\/\/www.dobrovolnik.org\/wp-content\/uploads\/2017\/05\/Pozvanka-DRTNK-2017-150x100.jpg\" class=\"attachment-blog_shortcode size-blog_shortcode wp-post-image\" alt=\"\" decoding=\"async\" loading=\"lazy\" srcset=\"https:\/\/www.dobrovolnik.org\/wp-content\/uploads\/2017\/05\/Pozvanka-DRTNK-2017-150x100.jpg 150w, https:\/\/www.dobrovolnik.org\/wp-content\/uploads\/2017\/05\/Pozvanka-DRTNK-2017-75x50.jpg 75w\" sizes=\"(max-width: 150px) 100vw, 150px\" \/><\/a><\/p>\n<h2 class=\"entry-title\"><a href=\"https:\/\/www.dobrovolnik.org\/?p=2512\" rel=\"bookmark\" title=\"Permanent Link to DRTNK 2017\">DRTNK 2017<\/a><\/h2>\n<div class=\"entry-content\">\n<p>Radi by sme\u00a0V\u00e1s pozvali na oce\u0148ovanie dobrovo\u013en\u00edkov z Tren\u010dianskeho kraja, ktor\u00e9 sa uskuto\u010dn\u00ed 12.5.2017 v Kas\u00e1r\u0148ach\u00a0na Tren\u010dianskom hrade.<\/p>\n<\/p><\/div>\n<\/article><\/div>\n<div class='one_third last' >\n<h4>Nadch\u00e1dzaj\u00face udalosti<\/h4>\n<ul class=\"upcoming_events\"><\/ul>\n<\/p><\/div>\n<div class='clearfix'><\/div>\n<p>&nbsp;<\/p>\n<p>&nbsp;<\/p>\n<p><center><a title=\"Hosting na mieru, dom\u00e9ny, servery\" href=\"http:\/\/websupport.sk\/customhosting#site=freeweb&amp;ban=ceb578f3\" target=\"_top\"><img decoding=\"async\" loading=\"lazy\" title=\"Hosting na mieru, dom\u00e9ny, servery\" src=\"http:\/\/provizie.websupport.sk\/accounts\/default1\/banners\/banner_468x60_custom-4.png\" alt=\"Hosting na mieru u\u017e od 5,5 Eur od spolo\u010dnosti WebSupport.sk\" width=\"468\" height=\"60\" \/><img decoding=\"async\" loading=\"lazy\" style=\"border: 0;\" src=\"http:\/\/provizie.websupport.sk\/scripts\/imp.php?site=freeweb&amp;ban=ceb578f3\" alt=\"\" width=\"1\" height=\"1\" \/><\/a><\/center><center><a title=\"Hosting, domeny, servery\" href=\"http:\/\/websupport.sk\/#site=freeweb&amp;ban=0aa72b57\" target=\"_blank\" rel=\"noopener noreferrer\">Webhosting<\/a> sponsored by WebSupport.sk<\/center><\/p>\n","protected":false},"excerpt":{"rendered":"<p>&nbsp; &nbsp; Webhosting sponsored by WebSupport.sk<\/p>\n","protected":false},"author":1,"featured_media":1625,"parent":0,"menu_order":0,"comment_status":"closed","ping_status":"closed","template":"","meta":[],"_links":{"self":[{"href":"https:\/\/www.dobrovolnik.org\/index.php?rest_route=\/wp\/v2\/pages\/9"}],"collection":[{"href":"https:\/\/www.dobrovolnik.org\/index.php?rest_route=\/wp\/v2\/pages"}],"about":[{"href":"https:\/\/www.dobrovolnik.org\/index.php?rest_route=\/wp\/v2\/types\/page"}],"author":[{"embeddable":true,"href":"https:\/\/www.dobrovolnik.org\/index.php?rest_route=\/wp\/v2\/users\/1"}],"replies":[{"embeddable":true,"href":"https:\/\/www.dobrovolnik.org\/index.php?rest_route=%2Fwp%2Fv2%2Fcomments&post=9"}],"version-history":[{"count":40,"href":"https:\/\/www.dobrovolnik.org\/index.php?rest_route=\/wp\/v2\/pages\/9\/revisions"}],"predecessor-version":[{"id":1683,"href":"https:\/\/www.dobrovolnik.org\/index.php?rest_route=\/wp\/v2\/pages\/9\/revisions\/1683"}],"wp:featuredmedia":[{"embeddable":true,"href":"https:\/\/www.dobrovolnik.org\/index.php?rest_route=\/wp\/v2\/media\/1625"}],"wp:attachment":[{"href":"https:\/\/www.dobrovolnik.org\/index.php?rest_route=%2Fwp%2Fv2%2Fmedia&parent=9"}],"curies":[{"name":"wp","href":"https:\/\/api.w.org\/{rel}","templated":true}]}}