{"id":2424,"date":"2017-03-31T00:38:43","date_gmt":"2017-03-30T22:38:43","guid":{"rendered":"http:\/\/www.dobrovolnik.org\/?page_id=2424"},"modified":"2017-03-31T00:47:01","modified_gmt":"2017-03-30T22:47:01","slug":"uzavierka-nominacii-skoncila","status":"publish","type":"page","link":"https:\/\/www.dobrovolnik.org\/?page_id=2424","title":{"rendered":"Uz\u00e1vierka nomin\u00e1cii skon\u010dila"},"content":{"rendered":"<p>Uz\u00e1vierka nomin\u00e1cii skon\u010dila 30.3.2017 o 23.59h. Verejn\u00fa vo\u013ebu prostredn\u00edctvom hlasovania zverejn\u00edme v priebehu 2 t\u00fd\u017ednov. Ocenenie sa uskuto\u010dn\u00ed 12.5.2017 v Tren\u010d\u00edne. \u010eakujeme, \u017ee ste prejavili z\u00e1ujem o na\u0161e oce\u0148ovanie t\u00fdch najakt\u00edvnej\u0161\u00edch. Keby ste mali ak\u00e9ko\u013evek ot\u00e1zky, pr\u00edpadne chceli doplni\u0165 nejak\u00e9 inform\u00e1cie k va\u0161ej nomin\u00e1cii, tak n\u00e1s k\u013eudne kontaktujte cez email <a href=\"mailto:2017@dobrovolnik.org\" target=\"_blank\">2017@dobrovolnik.org<\/a>.<\/p>\n","protected":false},"excerpt":{"rendered":"<p>Uz\u00e1vierka nomin\u00e1cii skon\u010dila 30.3.2017 o 23.59h. Verejn\u00fa vo\u013ebu prostredn\u00edctvom hlasovania zverejn\u00edme v priebehu 2 t\u00fd\u017ednov. Ocenenie sa uskuto\u010dn\u00ed 12.5.2017 v Tren\u010d\u00edne. \u010eakujeme, \u017ee ste prejavili z\u00e1ujem o na\u0161e oce\u0148ovanie t\u00fdch najakt\u00edvnej\u0161\u00edch. Keby ste mali ak\u00e9ko\u013evek ot\u00e1zky, pr\u00edpadne chceli doplni\u0165 nejak\u00e9 inform\u00e1cie k va\u0161ej nomin\u00e1cii, tak n\u00e1s k\u013eudne kontaktujte cez email 2017@dobrovolnik.org.<\/p>\n","protected":false},"author":1,"featured_media":0,"parent":0,"menu_order":0,"comment_status":"closed","ping_status":"closed","template":"","meta":[],"_links":{"self":[{"href":"https:\/\/www.dobrovolnik.org\/index.php?rest_route=\/wp\/v2\/pages\/2424"}],"collection":[{"href":"https:\/\/www.dobrovolnik.org\/index.php?rest_route=\/wp\/v2\/pages"}],"about":[{"href":"https:\/\/www.dobrovolnik.org\/index.php?rest_route=\/wp\/v2\/types\/page"}],"author":[{"embeddable":true,"href":"https:\/\/www.dobrovolnik.org\/index.php?rest_route=\/wp\/v2\/users\/1"}],"replies":[{"embeddable":true,"href":"https:\/\/www.dobrovolnik.org\/index.php?rest_route=%2Fwp%2Fv2%2Fcomments&post=2424"}],"version-history":[{"count":4,"href":"https:\/\/www.dobrovolnik.org\/index.php?rest_route=\/wp\/v2\/pages\/2424\/revisions"}],"predecessor-version":[{"id":2429,"href":"https:\/\/www.dobrovolnik.org\/index.php?rest_route=\/wp\/v2\/pages\/2424\/revisions\/2429"}],"wp:attachment":[{"href":"https:\/\/www.dobrovolnik.org\/index.php?rest_route=%2Fwp%2Fv2%2Fmedia&parent=2424"}],"curies":[{"name":"wp","href":"https:\/\/api.w.org\/{rel}","templated":true}]}}