{"id":2328,"date":"2017-02-13T12:27:59","date_gmt":"2017-02-13T10:27:59","guid":{"rendered":"http:\/\/www.dobrovolnik.org\/?page_id=2328"},"modified":"2017-02-13T12:27:59","modified_gmt":"2017-02-13T10:27:59","slug":"drtnk-2015","status":"publish","type":"page","link":"https:\/\/www.dobrovolnik.org\/?page_id=2328","title":{"rendered":"DRTNK 2015"},"content":{"rendered":"<p><span style=\"font-family: 'verdana' , sans-serif;\">\u201cV\u0161etko \u010do rob\u00edme je iba kvapka v mori, ale keby sme to nerobili, t\u00e1 kvapka by tam ch\u00fdbala,\u201d t\u00fdmito slovami Matky Terezy otvorila moder\u00e1torka sl\u00e1vnostn\u00e9 oce\u0148ovanie Dobrovo\u013en\u00edka roka Tren\u010dianskeho kraja za rok 2015. Dobrovo\u013en\u00edci si prevzali ceny v sobotu 27.2.2016 v Kongresovej s\u00e1le \u00daradu Tren\u010dianskeho samospr\u00e1vneho kraja (TSK). V porad\u00ed 4. ro\u010dn\u00edk oce\u0148ovania dobrovo\u013en\u00edkov zorganizovala Rada ml\u00e1de\u017ee Tren\u010dianskeho kraja (RMTNK) v spolupr\u00e1ci Tren\u010dianskym samospr\u00e1vnym krajom (TSK) s Tren\u010dianskou univerzitou Alexandra Dub\u010deka v Tren\u010d\u00edne (TNUAD) a Dobrovo\u013en\u00edckym centrom Tren\u010d\u00edn (DC TN).<!--more--><\/span><\/p>\n<p><span style=\"font-family: 'verdana' , sans-serif;\"><span style=\"font-family: 'verdana' , sans-serif;\"><span><span><span>Pr\u00edtomn\u00ed boli predseda TSK Jaroslav Ba\u0161ka, rektor TNUAD Jozef Hab\u00e1nik, predseda RMTNK Martin Labud\u00edk a z\u00e1stupky\u0148a DC TN Hana Kri\u017ekov\u00e1. Pozvanie prijal i poslanec TSK a z\u00e1rove\u0148 prim\u00e1tor mesta Pova\u017esk\u00e1 Bystrica Karol Janas, prim\u00e1tor mesta B\u00e1novce nad Bebravou Mari\u00e1n Chovanec, poslanec Mestsk\u00e9ho zastupite\u013estva mesta Pova\u017esk\u00e1 Bystrica Mari\u00e1n Sop\u010d\u00e1k, poslanec Mestsk\u00e9ho zastupite\u013estva mesta Tren\u010d\u00edn Dominik Gabriel, dekan Fakulty soci\u00e1lno-ekonomick\u00fdch vz\u0165ahov TNUAD Sergej Vojtovi\u010d, predseda Spr\u00e1vnej rady Asoci\u00e1cie krajsk\u00fdch r\u00e1d ml\u00e1de\u017ee Tibor Ir\u00f3 a riadite\u013eka kancel\u00e1rie projektov\u00e9ho riadenia z Rady ml\u00e1de\u017ee \u017dilinsk\u00e9ho kraja Darina \u010ciernikov\u00e1.\u00a0<\/span><\/span><\/span><\/span><\/span><\/p>\n<p>&nbsp;<\/p>\n<div style=\"text-align: center;\"><span style=\"font-family: 'verdana' , sans-serif;\"><a  href=\"https:\/\/2.bp.blogspot.com\/-9ZbcLpZLHKA\/VtSQ_Te88iI\/AAAAAAAACTw\/Mh7QSq0K8-A\/s1600\/_DSC0279.JPG\" data-pp=\"lightbox[2328]\" class=\"autolink lightbox \" ><img decoding=\"async\" alt=\"\" src=\"https:\/\/2.bp.blogspot.com\/-9ZbcLpZLHKA\/VtSQ_Te88iI\/AAAAAAAACTw\/Mh7QSq0K8-A\/s320\/_DSC0279.JPG\" border=\"0\" \/><\/a> <\/span><\/div>\n<p>&nbsp;<\/p>\n<p>Po \u00favodnom priv\u00edtan\u00ed a prednese b\u00e1sne sa prihovoril predseda TSK Jaroslav Ba\u0161ka: ,,V\u00e1\u017eim si \u013eud\u00ed, ktor\u00fdch jedin\u00fdm ocenen\u00edm za to, \u010do robia je mo\u017eno dobr\u00fd pocit a po\u010fakovanie \u013eu\u010fmi, ktor\u00fdm svojou dobrovo\u013en\u00edckou pr\u00e1cou pomohli. Na druhej strane, m\u00e1me v spolo\u010dnosti \u013eud\u00ed, ktor\u00ed by mohli za pr\u00e1cu dosta\u0165 peniaze, ale robi\u0165 nechc\u00fa. To s\u00fa dva protip\u00f3ly a ja chcem vyjadri\u0165 presved\u010denie, \u017ee aj v bud\u00facnosti budeme ma\u0165 ove\u013ea viac dobrovo\u013en\u00edkov ako t\u00fdch, ktor\u00ed nechc\u00fa ani za pl\u00e1cu robi\u0165. Chcem im v\u0161etk\u00fdm po\u010fakova\u0165. Aj v\u010faka ich mrav\u010dej pr\u00e1ci sa podarilo v kraji ve\u013ea vec\u00ed urobi\u0165 a pohn\u00fa\u0165 dopredu\u201c. Dobrovo\u013en\u00edcku pr\u00e1cu vyzdvihol tie\u017e rektor TNUAD Jozef Hab\u00e1nik a poslanec Mestsk\u00e9ho zastupite\u013estva mesta Tren\u010d\u00edn Dominik Gabriel.<\/p>\n<p>&nbsp;<\/p>\n<p>Predseda TSK v \u00favode sl\u00e1vnostn\u00e9ho oce\u0148ovania odovzdal predsedovi RMTNK &#8211; Cenu predsedu Tren\u010dianskeho samospr\u00e1vneho kraja a \u010fakovn\u00fd list za akt\u00edvnu dobrovo\u013en\u00edcku pr\u00e1cu v oblasti rozvoja pr\u00e1ce s ml\u00e1de\u017eou v Tren\u010dianskom samospr\u00e1vnom kraji.<\/p>\n<p>&nbsp;<\/p>\n<div style=\"text-align: center;\"><a  href=\"https:\/\/3.bp.blogspot.com\/-Qu_xVpWVU4k\/VtScSkeBUnI\/AAAAAAAACUE\/A7U-TLTBPVU\/s1600\/_DSC0381.JPG\" data-pp=\"lightbox[2328]\" class=\"autolink lightbox \" ><img decoding=\"async\" alt=\"\" src=\"https:\/\/3.bp.blogspot.com\/-Qu_xVpWVU4k\/VtScSkeBUnI\/AAAAAAAACUE\/A7U-TLTBPVU\/s320\/_DSC0381.JPG\" border=\"0\" \/><\/a><\/div>\n<p>&nbsp;<\/p>\n<p>Potom nasledovalo samotn\u00e9 oce\u0148ovanie. Spolu bolo odovzdan\u00fdch 13 ocenen\u00ed v 6 kateg\u00f3ri\u00e1ch. Ocenenie Dobrovo\u013en\u00edk roka Tren\u010dianskeho kraja za rok 2015 v kateg\u00f3ri\u00ed ,,V\u00fdchovn\u00e1 \u010dinnos\u0165\u201c z\u00edskal Matej Kuna, uznanie za v\u00fdznamn\u00fd pr\u00ednos k rozvoju dobrovo\u013en\u00edctva Slavom\u00edr Tur\u010d\u00e1ni. V kateg\u00f3rii ,,Osveta a kult\u00fara\u201c si prevzal ocenenie Martin Labud\u00edk, uznanie za v\u00fdznamn\u00fd pr\u00ednos k rozvoju dobrovo\u013en\u00edctva z\u00edskali Pavol Zlato\u0161 a Slavom\u00edr Tur\u010d\u00e1ni. V kateg\u00f3ri\u00ed ,,Ekol\u00f3gia (ochrana a obnova \u017eivotn\u00e9ho prostredia a verejn\u00fdch priestorov)\u201c bol vyznamenan\u00fd J\u00falius Kr\u010dm\u00e1rik, uznanie za v\u00fdznamn\u00fd pr\u00ednos k rozvoju dobrovo\u013en\u00edctva z\u00edskali Martin Labud\u00edk a Tom\u00e1\u0161 Hul\u00e1k. V kateg\u00f3ri\u00ed ,,Soci\u00e1lna oblas\u0165\u201c z\u00edskala ocenenie Martina Stachov\u00e1, uznanie za v\u00fdznamn\u00fd pr\u00ednos k rozvoju dobrovo\u013en\u00edctva z\u00edskala Stella Steinerov\u00e1. V kateg\u00f3ri\u00ed ,,Dlhodob\u00e1 dobrovo\u013en\u00edcka pr\u00e1ca\u201c bola ocenen\u00e1 Marta \u0160urikov\u00e1, uznanie za v\u00fdznamn\u00fd pr\u00ednos k rozvoju dobrovo\u013en\u00edctva z\u00edskal Ivan Sikorai. Aj v tomto ro\u010dn\u00edku mali mo\u017enos\u0165 \u013eudia a \u0161irok\u00e1 verejnos\u0165 vybra\u0165 jedn\u00e9ho dobrovo\u013en\u00edka prostredn\u00edctvom hlasovania na soci\u00e1lnej sieti &#8211; vybran\u00fdm dobrovo\u013en\u00edkom v kateg\u00f3ri\u00ed ,,Verejn\u00e1 vo\u013eba\u201c sa stal Matej Kuna z Tren\u010dianskych Tepl\u00edc s po\u010dtom hlasov 443.<\/p>\n<p>&nbsp;<\/p>\n<div style=\"text-align: center;\"><\/div>\n<div style=\"text-align: center;\"><a  href=\"https:\/\/2.bp.blogspot.com\/-OpiZ0420ato\/VtScJXnp3nI\/AAAAAAAACUA\/iDDS0vNL1gU\/s1600\/DSC_0426.JPG\" data-pp=\"lightbox[2328]\" class=\"autolink lightbox \" ><img decoding=\"async\" alt=\"\" src=\"https:\/\/2.bp.blogspot.com\/-OpiZ0420ato\/VtScJXnp3nI\/AAAAAAAACUA\/iDDS0vNL1gU\/s320\/DSC_0426.JPG\" border=\"0\" \/><\/a><\/div>\n<p>&nbsp;<\/p>\n<p>Program spestrilo hudobn\u00e9 vyst\u00fapenie folkl\u00f3rnej skupiny Limbora z Pre\u010d\u00edna, ale aj pr\u00edjemne slova a ver\u0161e Romana Bedn\u00e1ra v podan\u00ed Krist\u00edny Bizo\u0148ovej z Ml\u00e1de\u017en\u00edckeho parlamentu Mesta P\u00fachov. Na z\u00e1ver sa predseda RMTNK Martin Labud\u00edk po\u010fakoval pr\u00edtomn\u00fdm, \u017ee prijali pozvanie, poprial dobrovo\u013en\u00edkom ve\u013ea s\u00edl pri ich \u010dinnosti a vyslovil \u017eelanie \u201caby sa v\u0161etci takto stretli o rok a mohli by\u0165 op\u00e4\u0165 ocenen\u00ed ako dobrovo\u013en\u00edk roka\u201c.<\/p>\n<p>&nbsp;<\/p>\n<p>V Tren\u010d\u00edne d\u0148a 29.2.2016<\/p>\n<div><span style=\"font-family: 'verdana' , sans-serif;\"><span style=\"font-family: 'verdana' , sans-serif;\"><br \/>\nSpracovali : RMTNK a OKaMV \u00da TSK<\/span><\/span>Fotky:<\/div>\n","protected":false},"excerpt":{"rendered":"<p>\u201cV\u0161etko \u010do rob\u00edme je iba kvapka v mori, ale keby sme to nerobili, t\u00e1 kvapka by tam ch\u00fdbala,\u201d t\u00fdmito slovami Matky Terezy otvorila moder\u00e1torka sl\u00e1vnostn\u00e9 oce\u0148ovanie Dobrovo\u013en\u00edka roka Tren\u010dianskeho kraja za rok 2015. Dobrovo\u013en\u00edci si prevzali ceny v sobotu 27.2.2016 v Kongresovej s\u00e1le \u00daradu Tren\u010dianskeho samospr\u00e1vneho kraja (TSK). V porad\u00ed 4. ro\u010dn\u00edk oce\u0148ovania dobrovo\u013en\u00edkov zorganizovala&#8230;<\/p>\n","protected":false},"author":1,"featured_media":0,"parent":0,"menu_order":0,"comment_status":"closed","ping_status":"closed","template":"","meta":[],"_links":{"self":[{"href":"https:\/\/www.dobrovolnik.org\/index.php?rest_route=\/wp\/v2\/pages\/2328"}],"collection":[{"href":"https:\/\/www.dobrovolnik.org\/index.php?rest_route=\/wp\/v2\/pages"}],"about":[{"href":"https:\/\/www.dobrovolnik.org\/index.php?rest_route=\/wp\/v2\/types\/page"}],"author":[{"embeddable":true,"href":"https:\/\/www.dobrovolnik.org\/index.php?rest_route=\/wp\/v2\/users\/1"}],"replies":[{"embeddable":true,"href":"https:\/\/www.dobrovolnik.org\/index.php?rest_route=%2Fwp%2Fv2%2Fcomments&post=2328"}],"version-history":[{"count":1,"href":"https:\/\/www.dobrovolnik.org\/index.php?rest_route=\/wp\/v2\/pages\/2328\/revisions"}],"predecessor-version":[{"id":2329,"href":"https:\/\/www.dobrovolnik.org\/index.php?rest_route=\/wp\/v2\/pages\/2328\/revisions\/2329"}],"wp:attachment":[{"href":"https:\/\/www.dobrovolnik.org\/index.php?rest_route=%2Fwp%2Fv2%2Fmedia&parent=2328"}],"curies":[{"name":"wp","href":"https:\/\/api.w.org\/{rel}","templated":true}]}}