{"id":2188,"date":"2015-12-28T13:19:11","date_gmt":"2015-12-28T11:19:11","guid":{"rendered":"http:\/\/www.dobrovolnik.org\/?page_id=2188"},"modified":"2015-12-28T13:32:02","modified_gmt":"2015-12-28T11:32:02","slug":"drtnk-2013","status":"publish","type":"page","link":"https:\/\/www.dobrovolnik.org\/?page_id=2188","title":{"rendered":"DRTNK 2013"},"content":{"rendered":"<p>Dobrovo\u013en\u00edk roka Tren\u010dianskeho kraja 2013:<\/p>\n<p>Verejn\u00e9 ocenenie Dobrovo\u013en\u00edk roka Tren\u010dianskeho kraja sa uskuto\u010dnilo 22. febru\u00e1ra v klube L\u00da\u010c v Tren\u010d\u00edne, a to za \u00fa\u010dasti Rady ml\u00e1de\u017ee Tren\u010dianskeho kraja, JEF Tren\u010d\u00edn, Apache Entertainment, ale aj \u010fal\u0161\u00edch spoluorganiz\u00e1torov.<br \/>\nNominanti na oce\u0148ovanie boli vyberan\u00ed zo 4 kateg\u00f3ri\u00ed, a to za v\u00fdchovn\u00fa \u010dinnos\u0165, ekol\u00f3giu, soci\u00e1lnu pr\u00e1cu, ale aj za osvetu a kult\u00faru.<br \/>\n<a name=\"more\"><\/a><\/p>\n<table cellspacing=\"0\" cellpadding=\"0\" align=\"center\">\n<tbody>\n<tr>\n<td><a  href=\"http:\/\/2.bp.blogspot.com\/-MKmBqBZ0zXo\/UwvPU_vErAI\/AAAAAAAAA-s\/OIXEofCGRuQ\/s1600\/DSC_6702.jpg\" data-pp=\"lightbox[2188]\" class=\"autolink lightbox \" ><img decoding=\"async\" loading=\"lazy\" alt=\"\" src=\"http:\/\/2.bp.blogspot.com\/-MKmBqBZ0zXo\/UwvPU_vErAI\/AAAAAAAAA-s\/OIXEofCGRuQ\/s1600\/DSC_6702.jpg\" width=\"400\" height=\"266\" border=\"0\" \/><\/a><\/td>\n<\/tr>\n<tr>\n<td>autor fotky: Andrea Viedensk\u00e1<\/td>\n<\/tr>\n<\/tbody>\n<\/table>\n<p>Odborn\u00e1 porota pracovala v zlo\u017een\u00ed Miroslav Hajno\u0161 (Eur\u00f3psky dial\u00f3g perspekt\u00edvneho postoja), Mari\u00e1n Sop\u010dak (viceprim\u00e1tor mesta Pova\u017esk\u00e1 Bystrica), M\u00e1ria Labud\u00edkov\u00e1 (kult\u00farna man\u017e\u00e9rka Pova\u017esk\u00e9ho osvetov\u00e9ho strediska v Pova\u017eskej Bystrici), Norbert Kuch\u00e1rik (JEF Slovakia) a Alexandra Kuri\u0161ov\u00e1 (Tematick\u00e9 centrum ml\u00e1de\u017ee v Tren\u010d\u00edne) ktor\u00e1 spomedzi osemn\u00e1stich mlad\u00fdch \u013eud\u00ed vybrala po jednom dobrovo\u013en\u00edkovi na ocenenie za ka\u017ed\u00fa kateg\u00f3riu.<\/p>\n<p>Odborn\u00e1 komisia nominovala v kateg\u00f3rii v\u00fdchovn\u00e1 \u010dinnos\u0165 Annu Kacejov\u00fa z Tren\u010d\u00edna, ktor\u00e1 obdr\u017eala ocenenie z r\u00fak Marty Kianicovej, prorektorky pre vzdel\u00e1vanie Tren\u010dianskej univerzity Alexandra Dub\u010deka v Tren\u010d\u00edne. Anna sa dlhodobo venuje v skautsk\u00fdch dru\u017ein\u00e1ch v\u00fdchode diev\u010dat, pre ktor\u00e9 pripravuje skautsk\u00e9 hry, ru\u010dn\u00e9 pr\u00e1ce a v\u00fdlety. Medzi jej \u010fal\u0161ie aktivity patr\u00ed organizovanie skautsk\u00e9ho Mikul\u00e1\u0161a a Oscarov\u00e1 noc.<\/p>\n<p>J\u00falius Kr\u010dm\u00e1rik z Pova\u017eskej Bystrice bol ocenen\u00fd v kateg\u00f3ri\u00ed ekol\u00f3gia. Ocenenie mu odovzdal prim\u00e1tor z B\u00e1noviec nad Bebravou Mari\u00e1n Chovanec, ktor\u00fd je ve\u013ek\u00fd nad\u0161enec turistiky a bol ve\u013emi r\u00e1d, \u017ee mohol odovzda\u0165 tak\u00e9to ocenenie pr\u00e1ve on za obnovu studni\u010diek a zber odpadkov z pr\u00edrody.<br \/>\nV kateg\u00f3ri\u00ed soci\u00e1lna pr\u00e1ca bola ocenen\u00e1 M\u00e1ria Machov\u00e1 z Tren\u010d\u00edna, ktorej plaketu odovzdal Andrej Barborka, prezident \u0160tudentskej rady Stredn\u00fdch \u0161k\u00f4l Slovenskej republiky.<br \/>\nPoslednou kateg\u00f3riou bola osveta a kult\u00fara, v ktorej z r\u00fak riadite\u013ea \u00faradu TSK p\u00e1na Juraja Gerlici si odniesol ocenenie Ondrej Kubala z B\u00e1noviec nad Bebravou.<\/p>\n<p>Samostatnou kateg\u00f3riou bol Hlas \u013eudu &#8211; verejn\u00e9 hlasovanie, v ktorom mohla verejnos\u0165 na facebooku podpori\u0165 hlasovan\u00edm svojho favorita. V\u00ed\u0165azkou v tejto kateg\u00f3rii sa stala Martina Jur\u010d\u00e1kov\u00e1 z Tren\u010d\u00edna, ktor\u00e1 z\u00edskala v uvedenej kateg\u00f3rii najv\u00e4\u010d\u0161\u00ed po\u010det hlasov. Ocenenie odovzdal dekan City University of Seattle (Vysok\u00e1 \u0161kola mana\u017ementu v TN), ktor\u00fd pozdravil host\u00ed po slovensky a zvy\u0161ok prejavu povedal po anglicky.<\/p>\n<p>Nominantom z verejn\u00e9ho online hlasovania bol aj Jozef Jurkovi\u010d z Pova\u017eskej Bystrice, ktor\u00fd funguje v eRKu OC Pova\u017esk\u00e1 Bystrica. Svojou pr\u00e1cou a podporou z radu verejnosti z\u00edskal si obdiv \u010dlenov predsedn\u00edctva Rady ml\u00e1de\u017ee Tren\u010dianskeho kraja, ktor\u00ed sa rozhodli Jozefa oceni\u0165 aj ke\u010f nie ofici\u00e1lne. Ocenenie s plaketou mu mimo ofici\u00e1lne oce\u0148ovanie odovzdal predseda Rady ml\u00e1de\u017ee Tren\u010dianskeho kraja Martin Labud\u00edk, ktor\u00fd mu poprial ve\u013ea \u00faspechov v dobrovo\u013en\u00edckej pr\u00e1ci v Pova\u017eskej Bystrici.<\/p>\n<p>Div\u00e1kov cel\u00fdm programom sprev\u00e1dzali Janka Malej\u010d\u00edkov\u00e1 za JEF Tren\u010d\u00edn a Juraj Tilesch z Apache Entertainment. Sl\u00e1vnostn\u00fd galave\u010der spr\u00edjemnili lahodn\u00e9 mel\u00f3die v podan\u00ed klaviristky Lucii Z\u00e1hradn\u00ed\u010dkovej a akordeonistovi Vladim\u00edrovi Ga\u0161parovi.<\/p>\n<p>V\u0161etky inform\u00e1cie o nominovan\u00fdch a ocenen\u00fdch dobrovo\u013en\u00edkoch z Tren\u010dianskeho kraja s\u00fa dostupn\u00e9 na webovej str\u00e1nke\u00a0<a href=\"http:\/\/www.dobrovolnik.org\/\">www.dobrovolnik.org<\/a><\/p>\n","protected":false},"excerpt":{"rendered":"<p>Dobrovo\u013en\u00edk roka Tren\u010dianskeho kraja 2013: Verejn\u00e9 ocenenie Dobrovo\u013en\u00edk roka Tren\u010dianskeho kraja sa uskuto\u010dnilo 22. febru\u00e1ra v klube L\u00da\u010c v Tren\u010d\u00edne, a to za \u00fa\u010dasti Rady ml\u00e1de\u017ee Tren\u010dianskeho kraja, JEF Tren\u010d\u00edn, Apache Entertainment, ale aj \u010fal\u0161\u00edch spoluorganiz\u00e1torov. Nominanti na oce\u0148ovanie boli vyberan\u00ed zo 4 kateg\u00f3ri\u00ed, a to za v\u00fdchovn\u00fa \u010dinnos\u0165, ekol\u00f3giu, soci\u00e1lnu pr\u00e1cu, ale aj za&#8230;<\/p>\n","protected":false},"author":1,"featured_media":0,"parent":0,"menu_order":0,"comment_status":"closed","ping_status":"closed","template":"","meta":[],"_links":{"self":[{"href":"https:\/\/www.dobrovolnik.org\/index.php?rest_route=\/wp\/v2\/pages\/2188"}],"collection":[{"href":"https:\/\/www.dobrovolnik.org\/index.php?rest_route=\/wp\/v2\/pages"}],"about":[{"href":"https:\/\/www.dobrovolnik.org\/index.php?rest_route=\/wp\/v2\/types\/page"}],"author":[{"embeddable":true,"href":"https:\/\/www.dobrovolnik.org\/index.php?rest_route=\/wp\/v2\/users\/1"}],"replies":[{"embeddable":true,"href":"https:\/\/www.dobrovolnik.org\/index.php?rest_route=%2Fwp%2Fv2%2Fcomments&post=2188"}],"version-history":[{"count":2,"href":"https:\/\/www.dobrovolnik.org\/index.php?rest_route=\/wp\/v2\/pages\/2188\/revisions"}],"predecessor-version":[{"id":2194,"href":"https:\/\/www.dobrovolnik.org\/index.php?rest_route=\/wp\/v2\/pages\/2188\/revisions\/2194"}],"wp:attachment":[{"href":"https:\/\/www.dobrovolnik.org\/index.php?rest_route=%2Fwp%2Fv2%2Fmedia&parent=2188"}],"curies":[{"name":"wp","href":"https:\/\/api.w.org\/{rel}","templated":true}]}}