{"id":1943,"date":"2014-01-04T15:33:16","date_gmt":"2014-01-04T13:33:16","guid":{"rendered":"http:\/\/www.dobrovolnik.org\/?page_id=1943"},"modified":"2017-02-26T18:23:45","modified_gmt":"2017-02-26T16:23:45","slug":"pravidla-nominacie-2","status":"publish","type":"page","link":"https:\/\/www.dobrovolnik.org\/?page_id=1943","title":{"rendered":"Pravidl\u00e1 nomin\u00e1cie"},"content":{"rendered":"<ol>\n<li>Dobrovo\u013en\u00edk mus\u00ed ma\u0165 od 14 rokov do 30 rokov. V\u00fdnimku tvoria kateg\u00f3rie Pracovn\u00edk s ml\u00e1de\u017eou, Starosta a prim\u00e1tor.<\/li>\n<li>Dobrovo\u013en\u00edk mus\u00ed by\u0165 z Tren\u010dianskeho kraja alebo dobrovo\u013en\u00edcka \u010dinnos\u0165 musela by\u0165 vykon\u00e1van\u00e1 v Tren\u010dianskom kraji.<\/li>\n<li>V pr\u00edpade starostu a prim\u00e1tora sa jedn\u00e1 o osobu, ktor\u00e1 dlhodobo podporuje dobrovo\u013en\u00edctvo a dobrovo\u013en\u00edkov v obci, pr\u00edpadne v meste.<\/li>\n<li>Pracovn\u00edkom s ml\u00e1de\u017eou sa rozumie osoba, ktor\u00e1 navzdory svojmu povolaniu uskuto\u010dnuje vo\u013eno\u010dasov\u00e9 aktivity a jeho \u010dinnos\u0165ou rozv\u00edja nie len povedomie o dobrovo\u013en\u00edctve, ale ho aj buduje.<\/li>\n<li>Dobrovo\u013en\u00edk, resp. nominant mus\u00ed s\u00fahlasi\u0165 s n\u00e1vrhom na ocenenie Dobrovo\u013en\u00edk roka Tren\u010dianskeho kraja.<\/li>\n<li>V nomin\u00e1ci\u00ed musia by\u0165 v\u0161etky inform\u00e1cie pravdivo nap\u00edsane.<\/li>\n<li>V nomin\u00e1ci\u00ed mus\u00ed by\u0165 uveden\u00fd kontakt na dobrovo\u013en\u00edka, teda na nominanta a kontaktn\u00fa osobu z \u00a0organiz\u00e1cie pr\u00edpadne skupiny, ktor\u00e1 dobrovo\u013en\u00edka navrhla.<\/li>\n<li>Starostu pr\u00edpadne prim\u00e1tora mus\u00ed navrhn\u00fa\u0165 neform\u00e1lna skupina pr\u00edpadne organiz\u00e1cia pracuj\u00faca s ml\u00e1de\u017eou.<\/li>\n<li>Nomin\u00e1cia mus\u00ed by\u0165 zaslan\u00e1 online\u00a0<a title=\"DRTNK \/ online\" href=\"http:\/\/www.dobrovolnik.org\/?page_id=1702\" target=\"_blank\">DRTNK \/ online<\/a>\u00a0a fotka prilo\u017een\u00e1 cez e-mail na adresu <a title=\"DRTNK 2015\" href=\"mailto:2015@dobrovolnik.org\" target=\"_blank\">2017@dobrovolnik.org<\/a>. V pr\u00edpade vypisovania nomin\u00e1cie cez WORD. Prihl\u00e1\u0161ka mus\u00ed by\u0165 stiahnut\u00e1 z <a title=\"in\u0161trukcie k nomin\u00e1ci\u00ed\" href=\"http:\/\/www.dobrovolnik.org\/?page_id=1711\" target=\"_blank\">DRTNK \/ in\u0161trukcie<\/a>\u00a0a rovnako tak poslana na e-mailovu adresu\u00a0<a title=\"Info DRTNK\" href=\"mailto:2015@dobrovolnik.org\" target=\"_blank\">2017@dobrovolnik.org<\/a>.<a href=\"http:\/\/www.dobrovolnik.org\/?page_id=1711\"><br \/>\n<\/a><\/li>\n<\/ol>\n","protected":false},"excerpt":{"rendered":"<p>Dobrovo\u013en\u00edk mus\u00ed ma\u0165 od 14 rokov do 30 rokov. V\u00fdnimku tvoria kateg\u00f3rie Pracovn\u00edk s ml\u00e1de\u017eou, Starosta a prim\u00e1tor. Dobrovo\u013en\u00edk mus\u00ed by\u0165 z Tren\u010dianskeho kraja alebo dobrovo\u013en\u00edcka \u010dinnos\u0165 musela by\u0165 vykon\u00e1van\u00e1 v Tren\u010dianskom kraji. V pr\u00edpade starostu a prim\u00e1tora sa jedn\u00e1 o osobu, ktor\u00e1 dlhodobo podporuje dobrovo\u013en\u00edctvo a dobrovo\u013en\u00edkov v obci, pr\u00edpadne v meste. Pracovn\u00edkom s&#8230;<\/p>\n","protected":false},"author":1,"featured_media":0,"parent":0,"menu_order":0,"comment_status":"closed","ping_status":"closed","template":"","meta":[],"_links":{"self":[{"href":"https:\/\/www.dobrovolnik.org\/index.php?rest_route=\/wp\/v2\/pages\/1943"}],"collection":[{"href":"https:\/\/www.dobrovolnik.org\/index.php?rest_route=\/wp\/v2\/pages"}],"about":[{"href":"https:\/\/www.dobrovolnik.org\/index.php?rest_route=\/wp\/v2\/types\/page"}],"author":[{"embeddable":true,"href":"https:\/\/www.dobrovolnik.org\/index.php?rest_route=\/wp\/v2\/users\/1"}],"replies":[{"embeddable":true,"href":"https:\/\/www.dobrovolnik.org\/index.php?rest_route=%2Fwp%2Fv2%2Fcomments&post=1943"}],"version-history":[{"count":11,"href":"https:\/\/www.dobrovolnik.org\/index.php?rest_route=\/wp\/v2\/pages\/1943\/revisions"}],"predecessor-version":[{"id":2408,"href":"https:\/\/www.dobrovolnik.org\/index.php?rest_route=\/wp\/v2\/pages\/1943\/revisions\/2408"}],"wp:attachment":[{"href":"https:\/\/www.dobrovolnik.org\/index.php?rest_route=%2Fwp%2Fv2%2Fmedia&parent=1943"}],"curies":[{"name":"wp","href":"https:\/\/api.w.org\/{rel}","templated":true}]}}