{"id":1742,"date":"2013-12-07T00:18:37","date_gmt":"2013-12-06T22:18:37","guid":{"rendered":"http:\/\/www.dobrovolnik.org\/?page_id=1742"},"modified":"2013-12-07T18:42:14","modified_gmt":"2013-12-07T16:42:14","slug":"kontakt-3","status":"publish","type":"page","link":"https:\/\/www.dobrovolnik.org\/?page_id=1742","title":{"rendered":"Partneri"},"content":{"rendered":"<div class=\"row\">\n<div class=\"gallery_wrap\">\n<article class=\" cat-item-46 gallery_listing small grid_4 post-2300 th_galleries type-th_galleries status-publish has-post-thumbnail hentry th_galleries_cat-partneri\" id=\"post-2300\">\n<p>\t\t\t\t\t\t<a href=\"https:\/\/www.dobrovolnik.org\/?th_galleries=dobrovolnicke-centrum-trencin\"   title=\"Dobrovo\u013en\u00edcke centrum Tren\u010d\u00edn\" class=\"imgborder thumb \t\"><img src=\"https:\/\/www.dobrovolnik.org\/wp-content\/uploads\/2016\/02\/DCTN.png\" class=\"attachment-gallery_small size-gallery_small wp-post-image\" alt=\"\" decoding=\"async\" loading=\"lazy\" \/><\/a><\/p>\n<\/article>\n<article class=\" cat-item-55 cat-item-46 gallery_listing small grid_4 clearfix post-2298 th_galleries type-th_galleries status-publish has-post-thumbnail hentry th_galleries_cat-organizatori th_galleries_cat-partneri\" id=\"post-2298\">\n<p>\t\t\t\t\t\t<a href=\"https:\/\/www.dobrovolnik.org\/?th_galleries=trencianska-univerzita-alexandra-dubceka-v-trencine\"   title=\"Tren\u010dianska univerzita Alexandra Dub\u010deka v Tren\u010d\u00edne\" class=\"imgborder thumb \t\"><img src=\"https:\/\/www.dobrovolnik.org\/wp-content\/uploads\/2016\/02\/tnuad-e1488116475849.gif\" class=\"attachment-gallery_small size-gallery_small wp-post-image\" alt=\"\" decoding=\"async\" loading=\"lazy\" \/><\/a><\/p>\n<\/article>\n<article class=\" cat-item-55 cat-item-46 gallery_listing small grid_4 post-2297 th_galleries type-th_galleries status-publish has-post-thumbnail hentry th_galleries_cat-organizatori th_galleries_cat-partneri\" id=\"post-2297\">\n<p>\t\t\t\t\t\t<a href=\"https:\/\/www.dobrovolnik.org\/?th_galleries=trenciansky-samospravny-kraj\"   title=\"Tren\u010diansky samospr\u00e1vny kraj\" class=\"imgborder thumb \t\"><img src=\"https:\/\/www.dobrovolnik.org\/wp-content\/uploads\/2013\/12\/tsk.jpg\" class=\"attachment-gallery_small size-gallery_small wp-post-image\" alt=\"\" decoding=\"async\" loading=\"lazy\" srcset=\"https:\/\/www.dobrovolnik.org\/wp-content\/uploads\/2013\/12\/tsk.jpg 200w, https:\/\/www.dobrovolnik.org\/wp-content\/uploads\/2013\/12\/tsk-150x150.jpg 150w\" sizes=\"(max-width: 200px) 100vw, 200px\" \/><\/a><\/p>\n<\/article><\/div>\n<\/p><\/div>\n","protected":false},"excerpt":{"rendered":"","protected":false},"author":1,"featured_media":0,"parent":0,"menu_order":0,"comment_status":"closed","ping_status":"closed","template":"","meta":[],"_links":{"self":[{"href":"https:\/\/www.dobrovolnik.org\/index.php?rest_route=\/wp\/v2\/pages\/1742"}],"collection":[{"href":"https:\/\/www.dobrovolnik.org\/index.php?rest_route=\/wp\/v2\/pages"}],"about":[{"href":"https:\/\/www.dobrovolnik.org\/index.php?rest_route=\/wp\/v2\/types\/page"}],"author":[{"embeddable":true,"href":"https:\/\/www.dobrovolnik.org\/index.php?rest_route=\/wp\/v2\/users\/1"}],"replies":[{"embeddable":true,"href":"https:\/\/www.dobrovolnik.org\/index.php?rest_route=%2Fwp%2Fv2%2Fcomments&post=1742"}],"version-history":[{"count":6,"href":"https:\/\/www.dobrovolnik.org\/index.php?rest_route=\/wp\/v2\/pages\/1742\/revisions"}],"predecessor-version":[{"id":1772,"href":"https:\/\/www.dobrovolnik.org\/index.php?rest_route=\/wp\/v2\/pages\/1742\/revisions\/1772"}],"wp:attachment":[{"href":"https:\/\/www.dobrovolnik.org\/index.php?rest_route=%2Fwp%2Fv2%2Fmedia&parent=1742"}],"curies":[{"name":"wp","href":"https:\/\/api.w.org\/{rel}","templated":true}]}}