{"id":1711,"date":"2013-12-02T22:20:54","date_gmt":"2013-12-02T20:20:54","guid":{"rendered":"http:\/\/www.dobrovolnik.org\/?page_id=1711"},"modified":"2017-03-31T00:39:50","modified_gmt":"2017-03-30T22:39:50","slug":"pravidla-nominacie","status":"publish","type":"page","link":"https:\/\/www.dobrovolnik.org\/?page_id=1711","title":{"rendered":"In\u0161trukcie k nomin\u00e1ci\u00ed"},"content":{"rendered":"<p style=\"text-align: left;\" align=\"center\">Cie\u013eom je verejne oceni\u0165 vybran\u00e9ho dobrovo\u013en\u00edka a informova\u0165 verejnos\u0165 o jeho pr\u00e1ci tak, aby bola zaisten\u00e1 propag\u00e1cia dobrovo\u013en\u00edckej \u010dinnosti a jej spolo\u010denskej prospe\u0161nosti.<\/p>\n<p>Dobrovo\u013en\u00edkom je fyzick\u00e1 osoba, ktor\u00e1 bez n\u00e1roku na odmenu vykon\u00e1va \u010dinnos\u0165 prospe\u0161n\u00fa ostatn\u00fdm \u013eu\u010fom z oblasti soci\u00e1lnej, humanit\u00e1rnej, v\u00fdchovnej i ekologickej \u010dinnosti.<\/p>\n<p>Ocenen\u00fdm m\u00f4\u017ee by\u0165 aj osoba, ktor\u00e1 dlhodobo podporuje dobrovo\u013en\u00edctvo alebo svojou \u010dinnos\u0165ou napom\u00e1ha jeho \u0161\u00edreniu alebo rozv\u00edjaniu. Touto osobou sa rozumie osoba, ako je starosta a prim\u00e1tor. Rovnako tak aj pracovn\u00edk s ml\u00e1de\u017eou.<\/p>\n<p>Navrhovate\u013eom je pr\u00e1vnick\u00e1 alebo fyzick\u00e1 osoba, ktor\u00e1 sa rozhodla navrhn\u00fa\u0165 dobrovo\u013en\u00edka na ocenenie. Jeden navrhovate\u013e m\u00f4\u017ee navrhn\u00fa\u0165 maxim\u00e1lne troch dobrovo\u013en\u00edkov, ktor\u00fdch s\u00e1m vysielal k dobrovo\u013enej pomoci, prij\u00edmal od nich dobrovo\u013en\u00fa pomoc alebo m\u00e1 o ich dobrovo\u013enej \u010dinnosti inform\u00e1cie.<\/p>\n<p>N\u00e1vrh na nomin\u00e1ciu obsahuje: <b>osobn\u00e9 \u00fadaje<\/b> (meno, adresa, kontaktn\u00e9 spojenie) navrhnut\u00e9ho dobrovo\u013en\u00edka; <b>popis \u010dinnosti navrhnut\u00e9ho dobrovo\u013en\u00edka<\/b> za rok 2016 a\u00a0celkovo; <b>stru\u010dn\u00fa charakteristiku navrhovate\u013ea<\/b> a <b>kontaktn\u00e9 spojenie<\/b>. Zaslan\u00edm nomin\u00e1cie navrhovate\u013e potvrdzuje, \u017ee nominovan\u00fd dobrovo\u013en\u00edk je so svojou nomin\u00e1ciou zozn\u00e1men\u00fd a s\u00fahlas\u00ed s \u0148ou.<\/p>\n<p>Uz\u00e1vierka pre zasielanie nomin\u00e1ci\u00ed\u00a0je stanoven\u00e1 na <strong>30<\/strong><b>. marca 2017.<\/b> Vybran\u00fd dobrovo\u013en\u00edk bude ocenen\u00fd po\u010das oce\u0148ovacieho aktu spojen\u00e9ho s\u00a0kult\u00farnym programom.<\/p>\n<p>Vyhodnotenie bude realizovan\u00e9 v\u00a0dvoch l\u00edni\u00e1ch:<\/p>\n<ol start=\"1\">\n<ol start=\"1\">\n<li>Vybran\u00ed \u010dlenovia komisie bud\u00fa zvl\u00e1\u0161\u0165 vybera\u0165 nominantov na ocenenie <b>Dobrovo\u013en\u00edk roka Tren\u010dianskeho kraja <\/b>v 7 kateg\u00f3ri\u00e1ch<\/li>\n<li>Po ukon\u010den\u00ed zasielania nomin\u00e1ci\u00ed bud\u00fa zverejnen\u00ed nominanti na Facebookovej str\u00e1nke\u00a0<i>Dobrovo\u013en\u00edk roka Tren\u010dianskeho kraja<\/i>. \u0160irok\u00e1 verejnos\u0165 bude ma\u0165 mo\u017enos\u0165 formou\u00a0<strong>hlasu\u00a0<\/strong>dobrovo\u013en\u00edkovi cez &#8222;P\u00e1\u010di sa mi to&#8220; na fotke v albume v soci\u00e1lnej sieti Facebook, najv\u00e4\u010d\u0161\u00ed po\u010det lajkov rozhodne o tom, kto z\u00edska ocenenie\u00a0<b>Dobrovo\u013en\u00edk roka Tren\u010dianskeho kraja\u00a0<\/b>prostredn\u00edctvom\u00a0<strong>verejn\u00e9ho hlasovania<\/strong>\u00a0na soci\u00e1lnej sieti Facebook.<\/li>\n<\/ol>\n<\/ol>\n<p style=\"text-align: left;\">\u00a0Dobrovo\u013en\u00edci bud\u00fa ocenen\u00ed v kateg\u00f3riach:<\/p>\n<p style=\"text-align: left;\">1) Ekol\u00f3gia <em>(ochrana a obnova \u017eivotn\u00e9ho prostredia a verejn\u00fdch priestorov),<\/em><\/p>\n<p style=\"text-align: left;\">2) Soci\u00e1lna pr\u00e1ca <em>(pomoc znev\u00fdhodnen\u00fdm, seniorom, zdravotn\u00e9 postihnut\u00fdm a\u00a0podob.),<\/em><\/p>\n<p>3) V\u00fdchovn\u00e1 \u010dinnos\u0165 <em>(pr\u00e1ca s de\u0165mi a ml\u00e1de\u017eou, vzdel\u00e1vanie a kurzy),<\/em><\/p>\n<p>4) Osveta a\u00a0kult\u00fara,<\/p>\n<p>5) Pracovn\u00edk s ml\u00e1de\u017eou <em>(osoba m\u00f4\u017ee by\u0165 star\u0161ia ne\u017e 30 rokov),<\/em><\/p>\n<p>6) Dobrovo\u013en\u00fd hasi\u010d \/ dobrovo\u013en\u00e1 hasi\u010dka,<\/p>\n<p>7) Starosta \/ prim\u00e1tor\u00a0<em>(osoba m\u00f4\u017ee by\u0165 star\u0161ia ne\u017e 30 rokov),<\/em><\/p>\n<p>8) Verejn\u00e1 vo\u013eba &#8211; cez soci\u00e1lnu sie\u0165<\/p>\n<p>&nbsp;<\/p>\n<p><strong>Pr\u00edlohy:<\/strong><\/p>\n<ul>\n<li><span style=\"font-family: Verdana, sans-serif;\"><a href=\"http:\/\/www.dobrovolnik.org\/?page_id=2424\" target=\"_blank\">Nomin\u00e1cia v .DOC (97-2000)<\/a><\/span><\/li>\n<li><span style=\"font-family: Verdana, sans-serif;\"><a href=\"http:\/\/www.dobrovolnik.org\/?page_id=2424\" target=\"_blank\">On-line nomin\u00e1cia<\/a><\/span><\/li>\n<\/ul>\n<p>Nomin\u00e1cie posielajte do <strong>30.3. 2017<\/strong> na email:<strong>\u00a0 <a title=\"DRTNK 2017\" href=\"mailto:2017@dobrovolnik.org\">2017@dobrovolnik.org<\/a><\/strong><\/p>\n","protected":false},"excerpt":{"rendered":"<p>Cie\u013eom je verejne oceni\u0165 vybran\u00e9ho dobrovo\u013en\u00edka a informova\u0165 verejnos\u0165 o jeho pr\u00e1ci tak, aby bola zaisten\u00e1 propag\u00e1cia dobrovo\u013en\u00edckej \u010dinnosti a jej spolo\u010denskej prospe\u0161nosti. Dobrovo\u013en\u00edkom je fyzick\u00e1 osoba, ktor\u00e1 bez n\u00e1roku na odmenu vykon\u00e1va \u010dinnos\u0165 prospe\u0161n\u00fa ostatn\u00fdm \u013eu\u010fom z oblasti soci\u00e1lnej, humanit\u00e1rnej, v\u00fdchovnej i ekologickej \u010dinnosti. Ocenen\u00fdm m\u00f4\u017ee by\u0165 aj osoba, ktor\u00e1 dlhodobo podporuje dobrovo\u013en\u00edctvo alebo&#8230;<\/p>\n","protected":false},"author":1,"featured_media":0,"parent":0,"menu_order":0,"comment_status":"closed","ping_status":"closed","template":"","meta":[],"_links":{"self":[{"href":"https:\/\/www.dobrovolnik.org\/index.php?rest_route=\/wp\/v2\/pages\/1711"}],"collection":[{"href":"https:\/\/www.dobrovolnik.org\/index.php?rest_route=\/wp\/v2\/pages"}],"about":[{"href":"https:\/\/www.dobrovolnik.org\/index.php?rest_route=\/wp\/v2\/types\/page"}],"author":[{"embeddable":true,"href":"https:\/\/www.dobrovolnik.org\/index.php?rest_route=\/wp\/v2\/users\/1"}],"replies":[{"embeddable":true,"href":"https:\/\/www.dobrovolnik.org\/index.php?rest_route=%2Fwp%2Fv2%2Fcomments&post=1711"}],"version-history":[{"count":33,"href":"https:\/\/www.dobrovolnik.org\/index.php?rest_route=\/wp\/v2\/pages\/1711\/revisions"}],"predecessor-version":[{"id":2426,"href":"https:\/\/www.dobrovolnik.org\/index.php?rest_route=\/wp\/v2\/pages\/1711\/revisions\/2426"}],"wp:attachment":[{"href":"https:\/\/www.dobrovolnik.org\/index.php?rest_route=%2Fwp%2Fv2%2Fmedia&parent=1711"}],"curies":[{"name":"wp","href":"https:\/\/api.w.org\/{rel}","templated":true}]}}