{"id":1666,"date":"2013-11-17T12:01:07","date_gmt":"2013-11-17T10:01:07","guid":{"rendered":"http:\/\/www.dobrovolnik.org\/?page_id=1666"},"modified":"2017-02-21T18:49:12","modified_gmt":"2017-02-21T16:49:12","slug":"kontakt","status":"publish","type":"page","link":"https:\/\/www.dobrovolnik.org\/?page_id=1666","title":{"rendered":"Kontakt"},"content":{"rendered":"<h1>Organiza\u010dn\u00fd t\u00edm DRTNK 2017<\/h1>\n<p><span style=\"font-size: 13px;\"><\/p>\n<div class=\"row\">\n<div class=\"gallery_wrap\">\n<article class=\" cat-item-55 cat-item-46 gallery_listing small grid_4 post-2298 th_galleries type-th_galleries status-publish has-post-thumbnail hentry th_galleries_cat-organizatori th_galleries_cat-partneri\" id=\"post-2298\">\n<p>\t\t\t\t\t\t<a href=\"https:\/\/www.dobrovolnik.org\/?th_galleries=trencianska-univerzita-alexandra-dubceka-v-trencine\"   title=\"Tren\u010dianska univerzita Alexandra Dub\u010deka v Tren\u010d\u00edne\" class=\"imgborder thumb \t\"><img src=\"https:\/\/www.dobrovolnik.org\/wp-content\/uploads\/2016\/02\/tnuad-e1488116475849.gif\" class=\"attachment-gallery_small size-gallery_small wp-post-image\" alt=\"\" decoding=\"async\" loading=\"lazy\" \/><\/a><\/p>\n<\/article>\n<article class=\" cat-item-55 cat-item-46 gallery_listing small grid_4 clearfix post-2297 th_galleries type-th_galleries status-publish has-post-thumbnail hentry th_galleries_cat-organizatori th_galleries_cat-partneri\" id=\"post-2297\">\n<p>\t\t\t\t\t\t<a href=\"https:\/\/www.dobrovolnik.org\/?th_galleries=trenciansky-samospravny-kraj\"   title=\"Tren\u010diansky samospr\u00e1vny kraj\" class=\"imgborder thumb \t\"><img src=\"https:\/\/www.dobrovolnik.org\/wp-content\/uploads\/2013\/12\/tsk.jpg\" class=\"attachment-gallery_small size-gallery_small wp-post-image\" alt=\"\" decoding=\"async\" loading=\"lazy\" srcset=\"https:\/\/www.dobrovolnik.org\/wp-content\/uploads\/2013\/12\/tsk.jpg 200w, https:\/\/www.dobrovolnik.org\/wp-content\/uploads\/2013\/12\/tsk-150x150.jpg 150w\" sizes=\"(max-width: 200px) 100vw, 200px\" \/><\/a><\/p>\n<\/article>\n<article class=\" cat-item-55 gallery_listing small grid_4 post-1886 th_galleries type-th_galleries status-publish has-post-thumbnail hentry th_galleries_cat-organizatori\" id=\"post-1886\">\n<p>\t\t\t\t\t\t<a href=\"https:\/\/www.dobrovolnik.org\/?th_galleries=rada-mladeze-trencianskeho-kraja\"   title=\"Rada ml\u00e1de\u017ee Tren\u010dianskeho kraja\" class=\"imgborder thumb \t\"><img src=\"https:\/\/www.dobrovolnik.org\/wp-content\/uploads\/2013\/12\/Bez-n\u00e1zvu-2-272x220.jpg\" class=\"attachment-gallery_small size-gallery_small wp-post-image\" alt=\"\" decoding=\"async\" loading=\"lazy\" \/><\/a><\/p>\n<\/article><\/div>\n<\/p><\/div>\n<p><\/span><br \/>\nV pr\u00edpade potreby n\u00e1s m\u00f4\u017ete kontaktova\u0165 na:<strong><a title=\"2017@dobrovolnik.org\" href=\"mailto:2017@dobrovolnik.org\" target=\"_blank\"> 2017@dobrovolnik.org<\/a><br \/>\n<\/strong>alebo vyplnente formul\u00e1r ni\u017e\u0161ie!<\/p>\n<div id='contact-form-1886'>\n<form action='#contact-form-1886' method='post' class='th_contact-form' id='id-1571376360' >\n<div class='form_line'>\n\t\t<label for='1886-meno' class='name' style='display:none;'>Meno<span>(required)<\/span><\/label><input type='text' name='1886-meno' id='1886-meno' value='' placeholder='Meno' class='name'\/>\n\t<\/div>\n<div class='form_line'>\n\t\t<label for='1886-email' class='th-field-label email' style='display:none;'>Email<span>(required)<\/span><\/label><input type='text' name='1886-email' id='1886-email' value='' placeholder='Email' class='email'\/><br \/>\n\t\t<input type='hidden' class = 'th-email-from' name = 'th-email-from' value='1886-email'>\t<\/div>\n<div class='form_line'>\n\t\t<label for='1886-spr%c3%a1va' class='textarea' style='display:none;'>Spr\u00e1va<span>(required)<\/span><\/label><textarea name='1886-spr%c3%a1va' id='contact-form-comment-1886-spr%c3%a1va' placeholder='Spr\u00e1va' rows='14'><\/textarea>\n\t<\/div>\n<div class='th_contact-submit captcha'>\n\t\t<input type='submit' value='Po\u0161li spr\u00e1vu' class='churchope_button'\/><input type=\"hidden\" id=\"_wpnonce\" name=\"_wpnonce\" value=\"5c66501a32\" \/><input type=\"hidden\" name=\"_wp_http_referer\" value=\"\/index.php?rest_route=%2Fwp%2Fv2%2Fpages%2F1666\" \/><input type='hidden' name='contact-form-id' value='1886' \/><\/div>\n<p><input type='hidden' name='to' value='martin.labudik@rmtnk.sk' \/><input type='hidden' name='subject' value='DRTNK web' \/><\/form>\n<p><script type='text\/javascript'>jQuery(document).ready(function(){\n\t\tjQuery('#id-1571376360').validate({\n\t\t\t\tsubmitHandler: function(form) {\n\t\t\t\t\t\t\tif(jQuery('[name=\\'use-captch\\']', form).length  == 1)\n\t\t\t\t\t\t\t{\n\t\t\t\t\t\t\t\tif(validateCaptcha(form, ajaxContact))\n\t\t\t\t\t\t\t\t{\n\t\t\t\t\t\t\t\t\tjQuery('#id-1571376360 div.th_contact-submit input').attr('disabled', 'disabled');\t\n\t\t\t\t\t\t\t\t}\n\t\t\t\t\t\t\t}\n\t\t\t\t\t\t\telse\n\t\t\t\t\t\t\t{\n\t\t\t\t\t\t\t\tajaxContact(form);\t\t\t\t\t\t\t\n\t\t\t\t\t\t\t\tjQuery('#id-1571376360 div.th_contact-submit input').attr('disabled', 'disabled');\t\n\t\t\t\t\t\t\t}\n\t\t\t\t\t\t\treturn false;\n\t\t\t\t\t\t}, rules: {'1886-meno' : 'required','1886-email' : 'email required','1886-spr%c3%a1va' : 'required'}, message: {'1886-meno' :{'required' : 'Meno is required'},'1886-email' :{'email' : 'Email requires a valid email address','required' : 'Email is required'},'1886-spr%c3%a1va' :{'required' : 'Spr\u00e1va is required'}}});});<\/script><\/div>\n<p>&nbsp;<\/p>\n","protected":false},"excerpt":{"rendered":"<p>Organiza\u010dn\u00fd t\u00edm DRTNK 2017 V pr\u00edpade potreby n\u00e1s m\u00f4\u017ete kontaktova\u0165 na: 2017@dobrovolnik.org alebo vyplnente formul\u00e1r ni\u017e\u0161ie! &nbsp;<\/p>\n","protected":false},"author":1,"featured_media":0,"parent":0,"menu_order":0,"comment_status":"closed","ping_status":"closed","template":"","meta":[],"_links":{"self":[{"href":"https:\/\/www.dobrovolnik.org\/index.php?rest_route=\/wp\/v2\/pages\/1666"}],"collection":[{"href":"https:\/\/www.dobrovolnik.org\/index.php?rest_route=\/wp\/v2\/pages"}],"about":[{"href":"https:\/\/www.dobrovolnik.org\/index.php?rest_route=\/wp\/v2\/types\/page"}],"author":[{"embeddable":true,"href":"https:\/\/www.dobrovolnik.org\/index.php?rest_route=\/wp\/v2\/users\/1"}],"replies":[{"embeddable":true,"href":"https:\/\/www.dobrovolnik.org\/index.php?rest_route=%2Fwp%2Fv2%2Fcomments&post=1666"}],"version-history":[{"count":23,"href":"https:\/\/www.dobrovolnik.org\/index.php?rest_route=\/wp\/v2\/pages\/1666\/revisions"}],"predecessor-version":[{"id":2364,"href":"https:\/\/www.dobrovolnik.org\/index.php?rest_route=\/wp\/v2\/pages\/1666\/revisions\/2364"}],"wp:attachment":[{"href":"https:\/\/www.dobrovolnik.org\/index.php?rest_route=%2Fwp%2Fv2%2Fmedia&parent=1666"}],"curies":[{"name":"wp","href":"https:\/\/api.w.org\/{rel}","templated":true}]}}