{"id":1639,"date":"2013-11-08T18:42:25","date_gmt":"2013-11-08T16:42:25","guid":{"rendered":"http:\/\/www.dobrovolnik.org\/?page_id=1639"},"modified":"2015-12-28T13:35:36","modified_gmt":"2015-12-28T11:35:36","slug":"drtnk-2011","status":"publish","type":"page","link":"https:\/\/www.dobrovolnik.org\/?page_id=1639","title":{"rendered":"DRTNK 2011"},"content":{"rendered":"<p>Rok 2011 bol vyhl\u00e1sen\u00fd za Eur\u00f3psky rok dobrovo\u013en\u00edctva. V r\u00e1mci nap\u013a\u0148ania dobrovo\u013en\u00edckeho poslania sa \u010dinnos\u0165 Rady ml\u00e1de\u017ee Tren\u010dianskeho kraja zamerala na dobrovo\u013en\u00edcke aktivity, hlavne na pr\u00e1cu s de\u0165mi a ml\u00e1de\u017eou, \u00fapravu a obnovu \u017eivotn\u00e9ho prostredia a verejn\u00e9ho priestranstva v mest\u00e1ch a obciach a na \u010dinnos\u0165 pomoci soci\u00e1lne slab\u0161\u00edm vrstv\u00e1m obyvate\u013estva.<br \/>\nV r\u00e1mci Eur\u00f3pskeho roka dobrovo\u013en\u00edctva sa na\u0161i \u010dlenovia RM TNK z\u00fa\u010dastnili medzin\u00e1rodnej konferencie o dobrovo\u013en\u00edctve v priestoroch Trnavskej univerzity v Trnave (8.2. 2011), \u010falej sme pod z\u00e1\u0161titou prim\u00e1tora mesta v Pova\u017eskej Bystrici zorganizovali konferenciu pod n\u00e1zvom Mlad\u00ed \u013eudia a dobrovo\u013en\u00edctvo na miestnej a region\u00e1lnej \u00farovni v Pova\u017eskej Bystrici (30.5. 2011) a uskuto\u010dnili mno\u017estvo \u010fal\u0161\u00edch dobrovo\u013en\u00edckych aktiv\u00edt v spolupr\u00e1ci s ml\u00e1de\u017en\u00edckymi organiz\u00e1ciami v regi\u00f3ne Tren\u010dianskeho kraja.<\/p>\n<p>Aby sme zv\u00fdraznili dobrovo\u013en\u00edctvo u det\u00ed a ml\u00e1de\u017ee ako aj u \u0161irokej verejnosti vyhl\u00e1sili sme z\u00e1verom roka ocenenie na Dobrovo\u013en\u00edka roka Tren\u010dianskeho kraja. \u00a0Detsk\u00e9 a ml\u00e1de\u017en\u00edcke organiz\u00e1cie mohli nominova\u0165 dobrovo\u013en\u00edkov. Podmienkou bolo, aby dobrovo\u013en\u00edk bol vo veku 14 &#8211; 30 rokov a bol z Tren\u010dianskeho kraja.<\/p>\n<p>T\u00fdmto podmienkam vyhovelo 9 nominantov, ktor\u00ed boli nominovan\u00ed ml\u00e1de\u017en\u00edckymi organiz\u00e1ciami a neform\u00e1lnymi skupinami. Cely priebeh nomin\u00e1cie bol rozdelen\u00fd do dvoch f\u00e1z. Prvou f\u00e1zou bolo hlasovanie prostredn\u00edctvom soci\u00e1lnej siete Facebook, kde mohli mlad\u00ed \u013eudia a \u0161irok\u00e1 verejnos\u0165 udeli\u0165 svoj hlas (\u201eP\u00e1\u010di sa mi\u201c) jednotliv\u00fdm dobrovo\u013en\u00edkom. Najviac hlasov z pomedzi ostatn\u00fdch nominuj\u00facich dobrovo\u013en\u00edkov z\u00edskala Katka Harv\u00e1nkov\u00e1 z Pova\u017eskej Bystrice po\u010dtom hlasov 258, ktor\u00fa nominovalo eRKo &#8211; Hnutie kres\u0165ansk\u00fdch spolo\u010denstiev det\u00ed v Pova\u017eskej Bystrici.<\/p>\n<div>\n<div>\n<div>\n<div>Katka Harv\u00e1nkov\u00e1 prijala ocenenie a svoje po\u010fakovanie vyjadrila nasledovne:\u00a0\u201eTo, \u017ee ma na\u0161i pova\u017eskobystrick\u00ed eRk\u00e1ri nominovali na Dobrovo\u013en\u00edka roka Tren\u010dianskeho kraja, som dlho ani netu\u0161ila. Ke\u010f\u017ee nie som na facebooku, ani som nevedela, \u017ee nie\u010do tak\u00e9 prebieha. Len sa na m\u0148a zn\u00e1mi usmievali a hovorili: \u201eDr\u017e\u00edme ti palce&#8230;\u201c a \u201eD\u00fafame, \u017ee to vyhr\u00e1\u0161&#8230;\u201c.\u00a0A\u017e nesk\u00f4r sa mi eRk\u00e1ri priznali, ak\u00e9 prekvapenie mi pripravili.V\u00f4bec som ne\u010dakala, \u017ee by som niekedy mohla by\u0165 nominovan\u00e1 a u\u017e v\u00f4bec nie, \u017ee by som mohla vyhra\u0165. Preto by som chcela po\u010fakova\u0165 v\u0161etk\u00fdm, ktor\u00ed mi dali svoj \u201elike\u201c, v\u0161etk\u00fdm spolueRk\u00e1rom, rodine, priate\u013eom a v\u0161etk\u00fdm ostatn\u00fdm. Naozaj si to v\u00e1\u017eim. No a samozrejme v\u010fa\u010d\u00edm predov\u0161etk\u00fdm Bohu, preto\u017ee od Neho som dostala mno\u017estvo darov, a tak m\u00f4\u017eem robi\u0165 to, \u010do rob\u00edm.V\u00ed\u0165azstvo v tomto hlasovan\u00ed je pre m\u0148a povzbuden\u00edm. Samozrejme, pote\u0161ilo ma. Bola som prekvapen\u00e1, ko\u013eko zn\u00e1mych i menej zn\u00e1mych sa zapojilo a dalo mi hlas.<\/div>\n<\/div>\n<div>M\u00e1m okolo seba skvel\u00fdch \u013eud\u00ed.\u201c Na strane druhej sa c\u00edtim trochu nesvoja, preto\u017ee dobrovo\u013en\u00edckym aktivit\u00e1m sa nevenujem kv\u00f4li oceneniu. Nikdy som sa nesna\u017eila takto zvidite\u013eni\u0165. Okrem toho je ve\u013ea dobrovo\u013en\u00edkov, ktor\u00ed by si ocenenie taktie\u017e zasl\u00fa\u017eili, \u010di u\u017e s\u00fa to \u013eudia v r\u00e1mci eRka alebo aj mimo neho. Ja pozn\u00e1m osobne hlavne mnoh\u00fdch eRk\u00e1rov a v\u0161etko s\u00fa to \u00fa\u017easn\u00ed \u013eudia, ktor\u00ed robia ve\u013ea pre in\u00fdch, preto je pod\u013ea m\u0148a trochu zvl\u00e1\u0161tne, \u017ee m\u00e1 by\u0165 ocenen\u00fd len jeden \u010dlovek.A tak by som chcela touto cestou po\u010fakova\u0165 v\u0161etk\u00fdm V\u00e1m, mil\u00ed dobrovo\u013en\u00edci za to, \u017ee ste si zvolili dobro a sna\u017e\u00edte sa robi\u0165 tento svet lep\u0161\u00edm, za to, \u017ee nemysl\u00edte iba na seba, ale na in\u00fdch. Z\u00e1rove\u0148 V\u00e1s chcem povzbudi\u0165, aby ste vytrvali v dobrom diele a ak aj nedostanete ocenenie tu na zemi (\u010do nie je na\u0161\u00edm cie\u013eom, v\u0161ak?), v nebi na V\u00e1s za vynalo\u017een\u00e9 \u00fasilie \u010dak\u00e1 ur\u010dite hojn\u00e1 odmena<\/div>\n<\/div>\n<\/div>\n<div>\n<p>Druhou f\u00e1zou bolo ocenenie dobrovo\u013en\u00edkov \u010dlenmi predsedn\u00edctva Rady ml\u00e1de\u017ee Tren\u010dianskeho kraja, ktor\u00ed udelili v troch kateg\u00f3ri\u00e1ch:<\/p>\n<\/div>\n<div>1. Ekol\u00f3gia (ochrana a obnova \u017eivotn\u00e9ho prostredia a verejn\u00fdch priestorov),<\/div>\n<div>2. Soci\u00e1lna oblas\u0165,<\/div>\n<div>3. V\u00fdchovn\u00e1 \u010dinnos\u0165 (pr\u00e1ca s de\u0165mi a ml\u00e1de\u017eou).<\/div>\n<div>O vybran\u00ed Dobrovo\u013en\u00edka roka Tren\u010dianskeho kraja rozhodli \u010dlenovia predsedn\u00edctva RMTNK nasledovne:<\/p>\n<div>Tom\u00e1\u0161 Ka\u0161par (ekol\u00f3gia) z Greenpeace v Novom Meste nad V\u00e1hom, Jaroslav \u010cerv\u00ednka (soci\u00e1lna oblas\u0165) z Iskry n\u00e1deje v Dubnici nad V\u00e1hom a Veronika Cibulkov\u00e1 (v\u00fdchovn\u00e1 \u010dinnos\u0165), ktor\u00fa nominovalo Informa\u010dn\u00e9 centrum mlad\u00fdch v Partiz\u00e1nskom.<\/div>\n<p>Do hlasovania prostredn\u00edctvom soci\u00e1lnej siete Facebook sa zapojilo spolu 847 \u013eud\u00ed a na\u0161u webov\u00fa str\u00e1nku nav\u0161t\u00edvilo po\u010das hlasovania 1276 \u013eud\u00ed, ktor\u00ed sa priamo zauj\u00edmali o pr\u00edspevky na ocenenie Dobrovo\u013en\u00edka roka Tren\u010dianskeho kraja.<\/p>\n<div>Vyhl\u00e1senie\u00a0 Dobrovo\u013en\u00edk roka 2011 Tren\u010dianskeho kraja\u00a0 splnilo svoj cie\u013e a my sme radi, \u017ee sme upozornili verejnos\u0165 na to, \u017ee sa medzi nami pohybuje mno\u017estvo dobrovo\u013en\u00edkov, o ktor\u00fdch mnohokr\u00e1t ani nevieme. Oni ne\u010dakaj\u00fa na ocenenie, to \u010do robia pre komunitu robia z \u010dist\u00e9ho srdca, preto n\u00e1s te\u0161\u00ed, \u017ee m\u00f4\u017eeme aspo\u0148 takto prispie\u0165 k ich oceneniu.<\/div>\n<div>Sl\u00e1vnostn\u00e9 ocenenie sa uskuto\u010dn\u00ed na Valnom zhroma\u017eden\u00ed Rady ml\u00e1de\u017ee Tren\u010dianskeho kraja d\u0148a 28.janu\u00e1ra 2012 v Tren\u010d\u00edne.<\/div>\n<div><\/div>\n<\/div>\n<p>4 vybran\u00ed dobrovo\u013en\u00edci: Katka vybran\u00e1 hlasovan\u00edm cez soci\u00e1lnu sie\u0165 Facebook, \u010fal\u0161\u00ed 3-ja vybran\u00ed \u010dlenmi predsedn\u00edctva RMTNK:<br \/>\n<b>Katka Harv\u00e1nkov\u00e1<\/b>\u00a0(Pova\u017esk\u00e1 Bystrica) dlhodobo a u\u017e nejak\u00fd ten rok pom\u00e1ha eRKu &#8211; hnut\u00ed detsk\u00fdch spolo\u010denstiev det\u00ed v Pova\u017eskej Bystrici. Okrem toho, \u017ee \u0161tuduje podie\u013ea sa na v\u0161etk\u00fdch aktivit\u00e1ch a pom\u00e1ha ved\u00facemu oblastn\u00e9ho centra. M\u00e1 na starosti Centrum Pova\u017eskej Bystrice. Pom\u00e1ha pri organizovan\u00ed aktiv\u00edt, ktor\u00e9 pripravuje eRKo pre deti. Je ve\u013ek\u00fdm nenahradite\u013en\u00fdm \u010dl\u00e1nkom v organiz\u00e1cii. V\u0161etko rob\u00ed dobrovo\u013ene.<\/p>\n<p><b>Tom\u00e1\u0161 Ka\u0161par<\/b>\u00a0(\u010cachtice) je dlhoro\u010dn\u00fdm aktivistom organiz\u00e1cie Greenpeace v Tren\u010dianskom kraji. Okrem zap\u00e1jania sa do centr\u00e1lnych aktiv\u00edt organiz\u00e1cie Greenpeace (v Bratislave a in\u00fdch \u010dastiach Slovenska) je Tom\u00e1\u0161 k\u013e\u00fa\u010dov\u00fdm dobrovo\u013en\u00edkom v Novom Meste nad V\u00e1hom a okol\u00ed.<br \/>\nAko koordin\u00e1tor miestnej lok\u00e1lnej skupiny je Tom\u00e1\u0161 pre Greenpeace v danom regi\u00f3ne k\u013e\u00fa\u010dov\u00fd. Koordinuje skupinu asi 10 \u2013 15 \u010fal\u0161\u00edch dobrovo\u013en\u00edkov a zais\u0165uje tak, \u017ee ciele a aktivity Greenpeace s\u00fa komunikovan\u00e9 verejnosti aj v tren\u010dianskom kraji. Po\u010das svojho p\u00f4sobenia v Greenpeace zorganizoval Tom\u00e1\u0161 desiatky infost\u00e1nkov, zbierok podpisov pod d\u00f4le\u017eit\u00e9 pet\u00edcie, verejn\u00fdch eventov ako napr. Ekostopa v Tren\u010d\u00edne a \u010fal\u0161ie. V s\u00fa\u010dasnosti, ako jeden zo sk\u00fasen\u00fdch dobrovo\u013en\u00edkov pom\u00e1ha organiz\u00e1cii aj pri organizovan\u00ed dobrovo\u013en\u00edckych t\u00e1borov a tr\u00e9ningov.<br \/>\nNominovan\u00edm mu chceme verejne po\u010fakova\u0165 za jeho \u010das a energiu, ktor\u00fa doteraz na\u0161ej organiz\u00e1cii venoval a motivova\u0165 ho k \u010fal\u0161ej spolupr\u00e1ci.<\/p>\n<p><b>Veronika Cibulkov\u00e1<\/b>\u00a0(\u0160imonovany) sa stala \u010dlenkou Ml\u00e1de\u017en\u00edckeho parlamentu mesta Partiz\u00e1nske, ktor\u00fd je poradn\u00fdm org\u00e1nom prim\u00e1tora mesta . Svojou \u010dinnos\u0165ou prispela k lep\u0161iemu fungovaniu \u0161tudentskej a \u017eiackej rady mesta Partiz\u00e1nske. Venuje sa vo\u013eno-\u010dasov\u00fdm aktivit\u00e1m ktor\u00e9 organizuje MPMPE a prispieva k \u00faspe\u0161nej spolupr\u00e1ci medzi mlad\u00fdmi mesta a miestnou samospr\u00e1vou. Okrem toho reprezentuje ICM a MPMPE na r\u00f4znych semin\u00e1roch, workshopoch a podie\u013ea sa na neform\u00e1lnom vzdel\u00e1van\u00ed svojich rovesn\u00edkov.<br \/>\nTaktie\u017e je \u010dlenkou Ml\u00e1de\u017ee Slovensk\u00e9ho \u010cerven\u00e9ho kr\u00ed\u017ea kde p\u00f4sob\u00ed, ako lektorka projektu Evi\u010dka a deti, kde s\u00fa deti v pred\u0161kolskom veku hravou formou pou\u010den\u00e9 o z\u00e1sad\u00e1ch zdravia. Ako ambas\u00e1dor mesta Partiz\u00e1nske taktie\u017e p\u00f4sob\u00ed v organiz\u00e1cii Mladiinfo, ktor\u00e1 sa zaober\u00e1 informovan\u00ed ml\u00e1de\u017ee o dobrovo\u013en\u00edctve, mo\u017enostiach \u0161t\u00fadia \u010di \u0161tipendi\u00e1ch. Jej n\u00e1pl\u0148ou &#8222;pr\u00e1ce&#8220; je roz\u0161irova\u0165 my\u0161lienku vyu\u017eitia \u0161tud\u00edjnych mo\u017enost\u00ed medzi mlad\u00fdch na stredn\u00fdch \u0161kol\u00e1ch v regi\u00f3ne.<\/p>\n<p><b>Jaroslav \u010cervinka<\/b>\u00a0(Dubnica nad V\u00e1hom) cel\u00fd rok usilovne pom\u00e1hal neziskovej organiz\u00e1cii Iskra n\u00e1deje, pri zh\u00e1\u0148an\u00ed sponzorov, organizovan\u00ed benefi\u010dn\u00fdch akci\u00ed a zbierok, poslednou ve\u013ekou akciou, ktor\u00e1 zo\u017eala ve\u013ek\u00fd \u00faspech bol JUKEBOX pre Dubnicu nad V\u00e1hom, kde si \u013eudia mohli da\u0165 za pr\u00edspevok zahra\u0165 svoju ob\u013e\u00faben\u00fa pesni\u010dku. T\u00e1to suma bola n\u00e1sledne odovzdan\u00e1 odk\u00e1zan\u00fdm rodin\u00e1m , prostredn\u00edctvom Ms\u00da v Dubnici nad V\u00e1hom. Aktu\u00e1lny projekt, ktor\u00fd rozbieha bude rie\u0161i\u0165 nedostatok kvalitn\u00fdch u\u010debn\u00edc na SP\u0160, kde spolu s kamar\u00e1tom prostredn\u00edctvom projektu KOMPRAX vyhotovia elektronick\u00fa u\u010debnicu so v\u0161etk\u00fdmi potrebn\u00fdmi inform\u00e1cii. Spoluorganizoval benefi\u010dn\u00fd koncert Deti de\u0165om, ktor\u00fd nav\u0161t\u00edvili Robo Mikla a raper LEvo, \u010falej zabezpe\u010duje fungovanie internetovej str\u00e1nky Iskry n\u00e1deje, akt\u00edvne sa zap\u00e1ja do dobro\u010dinn\u00fdch zbierok a v\u00e4\u010d\u0161iny dobrovo\u013en\u00edckych aktiv\u00edt. Taktie\u017e ako dobrovo\u013en\u00edk pom\u00e1ha partnersk\u00fdm organiz\u00e1ci\u00e1m Iskry n\u00e1deje, ako napr. RC Ove\u010dka z Tren\u010dianskych Tepl\u00edc, Centrum vo\u013en\u00e9ho \u010dasu v Dubnici nad V\u00e1hom a pod. Na svojej \u0161kole &#8211; Gymn\u00e1ziu v Dubnici nad V\u00e1hom je ve\u013emi akt\u00edvny v r\u00f4znych mimo\u0161kolsk\u00fdch aktivit\u00e1ch, kde sa sna\u017e\u00ed preda\u0165 svoje sk\u00fasenosti a znalosti mlad\u0161\u00edm \u0161tudentom, do ned\u00e1vna bol riadite\u013eom TV \u0161t\u00fadia ALEX. Okrem toho, \u017ee pom\u00e1ha neziskovej organiz\u00e1ci\u00ed Iska n\u00e1deje, v\u017edy pom\u00f4\u017ee aj \u013eu\u010fom, ktor\u00ed to potrebuj\u00fa.<\/p>\n<p><b>Spracovali<\/b>: Martin Labud\u00edk (koordin\u00e1tor a PR) a Ing. \u0160tefan Bel\u00e1\u0148 (predseda RMTNK)<\/p>\n<p><i>Aktivita sa uskuto\u010dnila v\u010faka podpore Ministerstva \u0161kolstva, vedy, v\u00fdskumu a \u0161portu SR a TSK<\/i><\/p>\n","protected":false},"excerpt":{"rendered":"<p>Rok 2011 bol vyhl\u00e1sen\u00fd za Eur\u00f3psky rok dobrovo\u013en\u00edctva. V r\u00e1mci nap\u013a\u0148ania dobrovo\u013en\u00edckeho poslania sa \u010dinnos\u0165 Rady ml\u00e1de\u017ee Tren\u010dianskeho kraja zamerala na dobrovo\u013en\u00edcke aktivity, hlavne na pr\u00e1cu s de\u0165mi a ml\u00e1de\u017eou, \u00fapravu a obnovu \u017eivotn\u00e9ho prostredia a verejn\u00e9ho priestranstva v mest\u00e1ch a obciach a na \u010dinnos\u0165 pomoci soci\u00e1lne slab\u0161\u00edm vrstv\u00e1m obyvate\u013estva. V r\u00e1mci Eur\u00f3pskeho roka dobrovo\u013en\u00edctva&#8230;<\/p>\n","protected":false},"author":1,"featured_media":0,"parent":0,"menu_order":0,"comment_status":"closed","ping_status":"closed","template":"","meta":[],"_links":{"self":[{"href":"https:\/\/www.dobrovolnik.org\/index.php?rest_route=\/wp\/v2\/pages\/1639"}],"collection":[{"href":"https:\/\/www.dobrovolnik.org\/index.php?rest_route=\/wp\/v2\/pages"}],"about":[{"href":"https:\/\/www.dobrovolnik.org\/index.php?rest_route=\/wp\/v2\/types\/page"}],"author":[{"embeddable":true,"href":"https:\/\/www.dobrovolnik.org\/index.php?rest_route=\/wp\/v2\/users\/1"}],"replies":[{"embeddable":true,"href":"https:\/\/www.dobrovolnik.org\/index.php?rest_route=%2Fwp%2Fv2%2Fcomments&post=1639"}],"version-history":[{"count":6,"href":"https:\/\/www.dobrovolnik.org\/index.php?rest_route=\/wp\/v2\/pages\/1639\/revisions"}],"predecessor-version":[{"id":2198,"href":"https:\/\/www.dobrovolnik.org\/index.php?rest_route=\/wp\/v2\/pages\/1639\/revisions\/2198"}],"wp:attachment":[{"href":"https:\/\/www.dobrovolnik.org\/index.php?rest_route=%2Fwp%2Fv2%2Fmedia&parent=1639"}],"curies":[{"name":"wp","href":"https:\/\/api.w.org\/{rel}","templated":true}]}}