{"id":1637,"date":"2013-11-08T18:42:01","date_gmt":"2013-11-08T16:42:01","guid":{"rendered":"http:\/\/www.dobrovolnik.org\/?page_id=1637"},"modified":"2015-12-28T13:34:06","modified_gmt":"2015-12-28T11:34:06","slug":"drtnk-2012","status":"publish","type":"page","link":"https:\/\/www.dobrovolnik.org\/?page_id=1637","title":{"rendered":"DRTNK 2012"},"content":{"rendered":"<p>Rada ml\u00e1de\u017ee\u00a0Tren\u010dianskeho kraja usporiadala druh\u00fd ro\u010dn\u00edk oce\u0148ovania Dobrovo\u013en\u00edka roka Tren\u010dianskeho kraja.\u00a0Ocenen\u00fdch bolo 10 mlad\u00fdch dobrovo\u013en\u00edkov z Tren\u010dianskeho kraja.<\/p>\n<div><\/div>\n<div>V\u00a0sobotu 16. febru\u00e1ra na Valnom zhroma\u017eden\u00ed v\u00a0Tren\u010d\u00edne sa uskuto\u010dnilo ude\u013eovanie cien \u201eDobrovo\u013en\u00edk\u00a0 roka\u00a0Tren\u010dianskeho\u00a0kraja 2012\u201c. Mo\u017enos\u0165 nominova\u0165 dobrovo\u013en\u00edkov a\u00a0oceni\u0165 pr\u00e1cu mlad\u00fdch na \u00fazem\u00ed Tren\u010dianskeho kraja vyu\u017eilo 10 mimovl\u00e1dnych organiz\u00e1cii.<\/div>\n<div><\/div>\n<div>\u00a0Ako v\u00a0prvom ro\u010dn\u00edku, tak\u00a0aj v\u00a0tomto druhom ro\u010dn\u00edku mali mlad\u00ed \u013eudia a\u00a0\u0161irok\u00e1 verejnos\u0165 mo\u017enos\u0165 prostredn\u00edctvom facebookov\u00e9ho hlasovania si vybra\u0165 na ocenenie jedn\u00e9ho dobrovo\u013en\u00edka. Vybran\u00fdm dobrovo\u013en\u00edkom sa stal Marek Wesserle\u00a0 z\u00a0Pova\u017eskej Bystrice s\u00a0po\u010dtom 431hlasov.\u00a0 Mareka nominovala organiz\u00e1cia eRKo HKSD OC Pova\u017esk\u00e1 Bystrica.<\/div>\n<div><\/div>\n<div><\/div>\n<div>Vedenie Rady ml\u00e1de\u017ee Tren\u010dianskeho kraja\u00a0 sa v\u00a0tomto ro\u010dn\u00edku rozhodlo vytvori\u0165 nez\u00e1visl\u00fa komisiu pre v\u00fdber dobrovo\u013en\u00edkov na ocenenie, a\u00a0to v zlo\u017een\u00ed: Jana \u0160m\u00fdkalov\u00e1 (Rada ml\u00e1de\u017ee Trnavsk\u00e9ho kraja), Katar\u00edna Hradsk\u00e1 (Informa\u010dn\u00e9 centrum ml\u00e1de\u017ee), Tom\u00e1\u0161 Bielik (Slovensk\u00fd Skauting, Tren\u010d\u00edn), Jaroslav \u010cervinka (SEV DUB, Dubnica nad V\u00e1hom), Janka Polakovi\u010dov\u00e1 (OZ Free Times) M\u00e1ria Labud\u00edkov\u00e1 (AK JB, Plevn\u00edk-Drienov\u00e9) \u0160tefan Bel\u00e1\u0148 (TOM, Dubnica nad V\u00e1hom). Z\u00a0 navrhovan\u00fdch nominantov boli vybran\u00ed 4 dobrovo\u013en\u00edci.<\/div>\n<div><\/div>\n<div>Ocenen\u00ed dobrovo\u013en\u00edci okrem pam\u00e4tn\u00e9ho listu a\u00a0kni\u017eky o Slovensku od Gabriely Revickej z\u00a0Tricio Literary &amp; Holiday Company si z\u00a0r\u00fak Jozefa Bo\u017e\u00edka, druh\u00e9ho podpredsedu TSK v\u00a0Tren\u010d\u00edne a\u00a0\u0160tefana Bel\u00e1\u0148a, predsedu Rady ml\u00e1de\u017ee Tren\u010dianskeho kraja prevzali spolu aj s grav\u00edrovanou plaketou.<\/div>\n<div><\/div>\n<div>Ocenenia Dobrovo\u013en\u00edk\u00a0 roka Tren\u010dianskeho kraja 2012 si odniesli za\u00a0jednotliv\u00e9 kateg\u00f3rie :<\/div>\n<div>&#8211;\u00a0Matej Petrovi\u010d, ZO SZOPK pri SEV Poniklec z Pru\u017einy v\u00a0kateg\u00f3rii ekol\u00f3gia (ochrana a obnova \u017eivotn\u00e9ho prostredia a verejn\u00fdch priestorov)<\/div>\n<div>&#8211; M\u00e1ria Jakub\u00edkov\u00e1, eRKo-HKSD OC Rybany v\u00a0kateg\u00f3rii soci\u00e1lna oblas\u0165<\/div>\n<div>&#8211; Alexandra Kuri\u0161ov\u00e1, Osvetov\u00e9 centrum R\u00f3mov z Nov\u00e9ho Mesta nad V\u00e1hom v\u00a0kateg\u00f3rii v\u00fdchovn\u00e1 \u010dinnos\u0165 (pr\u00e1ca s de\u0165mi a ml\u00e1de\u017eou).<\/div>\n<div>&#8211;\u00a0Pavol Makyna, Puchovo dedi\u010dstvo z\u00a0P\u00fachova v\u00a0kateg\u00f3rii osveta a\u00a0kult\u00fara<\/div>\n<div><\/div>\n<div>Ostatn\u00ed nominovan\u00ed mlad\u00ed dobrovo\u013en\u00edci, dostali knihu a \u010fakovn\u00fd list za akt\u00edvnu dobrovo\u013en\u00edcku pr\u00e1cu.<\/div>\n<div><\/div>\n<div>Podujatia sa uskuto\u010dnilo v\u010faka podpore Ministerstva \u0161kolstva, vedy, v\u00fdskumu a\u00a0\u0161portu SR, Tren\u010dianskeho samospr\u00e1vneho kraja a\u00a0dobrej spolupr\u00e1ce zdru\u017een\u00ed\u00a0 Mlad\u00ed pre Pova\u017esk\u00fa z\u00a0Pova\u017eskej Bystrice, AK JB z\u00a0Plevn\u00edka-Drienov\u00e9ho, TOM z\u00a0Dubnice nad V\u00e1hom.<\/div>\n<div><\/div>\n<div>Na z\u00e1ver aktu ocenenia Jozef Bo\u017e\u00edk, druh\u00fd podpredseda TSK ocenil pr\u00e1cu mlad\u00fdch dobrovo\u013en\u00edkov, po\u010fakoval im za svoj pr\u00ednos pre dobrovo\u013en\u00edctvo a\u00a0svoju spolo\u010dnos\u0165, poprial v\u0161etk\u00fdm pr\u00edtomn\u00fdm ve\u013ea zdravia a\u00a0 \u00faspechov do \u010fal\u0161ej pr\u00e1ce.<\/div>\n<p>&nbsp;<\/p>\n","protected":false},"excerpt":{"rendered":"<p>Rada ml\u00e1de\u017ee\u00a0Tren\u010dianskeho kraja usporiadala druh\u00fd ro\u010dn\u00edk oce\u0148ovania Dobrovo\u013en\u00edka roka Tren\u010dianskeho kraja.\u00a0Ocenen\u00fdch bolo 10 mlad\u00fdch dobrovo\u013en\u00edkov z Tren\u010dianskeho kraja. V\u00a0sobotu 16. febru\u00e1ra na Valnom zhroma\u017eden\u00ed v\u00a0Tren\u010d\u00edne sa uskuto\u010dnilo ude\u013eovanie cien \u201eDobrovo\u013en\u00edk\u00a0 roka\u00a0Tren\u010dianskeho\u00a0kraja 2012\u201c. Mo\u017enos\u0165 nominova\u0165 dobrovo\u013en\u00edkov a\u00a0oceni\u0165 pr\u00e1cu mlad\u00fdch na \u00fazem\u00ed Tren\u010dianskeho kraja vyu\u017eilo 10 mimovl\u00e1dnych organiz\u00e1cii. \u00a0Ako v\u00a0prvom ro\u010dn\u00edku, tak\u00a0aj v\u00a0tomto druhom ro\u010dn\u00edku mali mlad\u00ed&#8230;<\/p>\n","protected":false},"author":1,"featured_media":0,"parent":0,"menu_order":0,"comment_status":"closed","ping_status":"closed","template":"","meta":[],"_links":{"self":[{"href":"https:\/\/www.dobrovolnik.org\/index.php?rest_route=\/wp\/v2\/pages\/1637"}],"collection":[{"href":"https:\/\/www.dobrovolnik.org\/index.php?rest_route=\/wp\/v2\/pages"}],"about":[{"href":"https:\/\/www.dobrovolnik.org\/index.php?rest_route=\/wp\/v2\/types\/page"}],"author":[{"embeddable":true,"href":"https:\/\/www.dobrovolnik.org\/index.php?rest_route=\/wp\/v2\/users\/1"}],"replies":[{"embeddable":true,"href":"https:\/\/www.dobrovolnik.org\/index.php?rest_route=%2Fwp%2Fv2%2Fcomments&post=1637"}],"version-history":[{"count":6,"href":"https:\/\/www.dobrovolnik.org\/index.php?rest_route=\/wp\/v2\/pages\/1637\/revisions"}],"predecessor-version":[{"id":2196,"href":"https:\/\/www.dobrovolnik.org\/index.php?rest_route=\/wp\/v2\/pages\/1637\/revisions\/2196"}],"wp:attachment":[{"href":"https:\/\/www.dobrovolnik.org\/index.php?rest_route=%2Fwp%2Fv2%2Fmedia&parent=1637"}],"curies":[{"name":"wp","href":"https:\/\/api.w.org\/{rel}","templated":true}]}}