{"id":1634,"date":"2013-11-08T18:40:04","date_gmt":"2013-11-08T16:40:04","guid":{"rendered":"http:\/\/www.dobrovolnik.org\/?page_id=1634"},"modified":"2013-12-07T22:20:33","modified_gmt":"2013-12-07T20:20:33","slug":"archiv","status":"publish","type":"page","link":"https:\/\/www.dobrovolnik.org\/?page_id=1634","title":{"rendered":"Arch\u00edv"},"content":{"rendered":"<div class=\"row\">\n<div class=\"gallery_wrap\">\n<article class=\" cat-item-51 gallery_listing grid_8 post-2401 th_galleries type-th_galleries status-publish has-post-thumbnail hentry th_galleries_cat-drtnk-archiv\" id=\"post-2401\">\n\t\t\t\t\t\t\t\t\t\t\t\t<a href=\"https:\/\/www.dobrovolnik.org\/?th_galleries=dobrovolnik-roka-trencianskeho-kraja-2015\"   title=\"Dobrovo\u013en\u00edk roka Tren\u010dianskeho kraja 2015\" class=\"imgborder thumb  \"><img src=\"https:\/\/www.dobrovolnik.org\/wp-content\/uploads\/2017\/02\/drtnk2015-600x222.jpg\" class=\"attachment-gallery_big size-gallery_big wp-post-image\" alt=\"\" decoding=\"async\" loading=\"lazy\" \/><\/a><\/p>\n<div class=\"postcontent  clearfix\">\n<h2 class=\"entry-title\"><a href=\"https:\/\/www.dobrovolnik.org\/?th_galleries=dobrovolnik-roka-trencianskeho-kraja-2015\" >Dobrovo\u013en\u00edk roka Tren\u010dianskeho kraja 2015<\/a><\/h2>\n<div class=\"entry-content\">\n\t\t\t\t\u201cV\u0161etko \u010do rob\u00edme je iba kvapka v mori, ale keby sme to nerobili, t\u00e1 kvapka by tam ch\u00fdbala,\u201d t\u00fdmito slovami Matky Terezy otvorila moder\u00e1torka sl\u00e1vnostn\u00e9 oce\u0148ovanie Dobrovo\u013en\u00edka roka Tren\u010dianskeho kraja za rok 2015. Dobrovo\u013e&#8230;\t\t\t\t\t\t<\/div>\n<div class=\"buttons\">\n\t\t\t\t\t\t\t\t\t\t\t\t\t\t\t\t\t\t\t<a href=\"https:\/\/www.dobrovolnik.org\/?th_galleries=dobrovolnik-roka-trencianskeho-kraja-2015\" class=\"simple_button_black clearfix\" >more info<\/a>\n\t\t\t\t\t\t\t\t\t\t\t\t\t<\/div>\n<\/p><\/div>\n<\/article>\n<article class=\" cat-item-51 gallery_listing grid_8 post-2192 th_galleries type-th_galleries status-publish has-post-thumbnail hentry th_galleries_cat-drtnk-archiv\" id=\"post-2192\">\n\t\t\t\t\t\t\t\t\t\t\t\t<a href=\"https:\/\/www.dobrovolnik.org\/?th_galleries=dobrovolnik-roka-trencianskeho-kraja-2013\"   title=\"Dobrovo\u013en\u00edk roka Tren\u010dianskeho kraja 2013\" class=\"imgborder thumb  \"><img src=\"https:\/\/www.dobrovolnik.org\/wp-content\/uploads\/2014\/02\/DSC_6702-600x222.jpg\" class=\"attachment-gallery_big size-gallery_big wp-post-image\" alt=\"\" decoding=\"async\" loading=\"lazy\" \/><\/a><\/p>\n<div class=\"postcontent  clearfix\">\n<h2 class=\"entry-title\"><a href=\"https:\/\/www.dobrovolnik.org\/?th_galleries=dobrovolnik-roka-trencianskeho-kraja-2013\" >Dobrovo\u013en\u00edk roka Tren\u010dianskeho kraja 2013<\/a><\/h2>\n<div class=\"entry-content\">\n\t\t\t\tVerejn\u00e9 ocenenie Dobrovo\u013en\u00edk roka Tren\u010dianskeho kraja sa uskuto\u010dnilo 22. febru\u00e1ra v klube L\u00da\u010c v Tren\u010d\u00edne, a to za \u00fa\u010dasti Rady ml\u00e1de\u017ee Tren\u010dianskeho kraja, JEF Tren\u010d\u00edn, Apache Entertainment, ale aj \u010fal\u0161\u00edch spoluorganiz\u00e1to&#8230;\t\t\t\t\t\t<\/div>\n<div class=\"buttons\">\n\t\t\t\t\t\t\t\t\t\t\t\t\t\t\t\t\t\t\t<a href=\"https:\/\/www.dobrovolnik.org\/?th_galleries=dobrovolnik-roka-trencianskeho-kraja-2013\" class=\"simple_button_black clearfix\" >more info<\/a>\n\t\t\t\t\t\t\t\t\t\t\t\t\t<\/div>\n<\/p><\/div>\n<\/article>\n<article class=\" cat-item-51 gallery_listing grid_8 post-1827 th_galleries type-th_galleries status-publish has-post-thumbnail hentry th_galleries_cat-drtnk-archiv\" id=\"post-1827\">\n\t\t\t\t\t\t\t\t\t\t\t\t<a href=\"https:\/\/www.dobrovolnik.org\/?th_galleries=dobrovolnik-roka-trencianskeho-kraja-2012\"   title=\"Dobrovo\u013en\u00edk roka Tren\u010dianskeho kraja 2012\" class=\"imgborder thumb  \"><img src=\"https:\/\/www.dobrovolnik.org\/wp-content\/uploads\/2013\/12\/drtnk2012crop2.jpg\" class=\"attachment-gallery_big size-gallery_big wp-post-image\" alt=\"\" decoding=\"async\" loading=\"lazy\" srcset=\"https:\/\/www.dobrovolnik.org\/wp-content\/uploads\/2013\/12\/drtnk2012crop2.jpg 513w, https:\/\/www.dobrovolnik.org\/wp-content\/uploads\/2013\/12\/drtnk2012crop2-300x118.jpg 300w\" sizes=\"(max-width: 513px) 100vw, 513px\" \/><\/a><\/p>\n<div class=\"postcontent  clearfix\">\n<h2 class=\"entry-title\"><a href=\"https:\/\/www.dobrovolnik.org\/?th_galleries=dobrovolnik-roka-trencianskeho-kraja-2012\" >Dobrovo\u013en\u00edk roka Tren\u010dianskeho kraja 2012<\/a><\/h2>\n<div class=\"entry-content\">\n\t\t\t\tV r\u00e1mci druh\u00e9ho ro\u010dn\u00edka oce\u0148ovania Dobrovo\u013en\u00edka roka Tren\u010dianskeho kraja bolo ocenen\u00fdch 10 mlad\u00fdch dobrovo\u013en\u00edkov z Tren\u010dianskeho kraja. V sobotu 16. febru\u00e1ra na Valnom zhroma\u017eden\u00ed v Tren\u010d\u00edne sa uskuto\u010dnilo ude\u013eovanie cien&#8230;\t\t\t\t\t\t<\/div>\n<div class=\"buttons\">\n\t\t\t\t\t\t\t\t\t\t\t\t\t\t\t\t\t\t\t<a href=\"https:\/\/www.dobrovolnik.org\/?th_galleries=dobrovolnik-roka-trencianskeho-kraja-2012\" class=\"simple_button_black clearfix\" >more info<\/a>\n\t\t\t\t\t\t\t\t\t\t\t\t\t<\/div>\n<\/p><\/div>\n<\/article>\n<article class=\" cat-item-51 gallery_listing grid_8 post-1812 th_galleries type-th_galleries status-publish has-post-thumbnail hentry th_galleries_cat-drtnk-archiv\" id=\"post-1812\">\n\t\t\t\t\t\t\t\t\t\t\t\t<a href=\"https:\/\/www.dobrovolnik.org\/?th_galleries=dobrovolnik-roka-trencianskeho-kraja-2011\"   title=\"Dobrovo\u013en\u00edk roka Tren\u010dianskeho kraja 2011\" class=\"imgborder thumb  \"><img src=\"https:\/\/www.dobrovolnik.org\/wp-content\/uploads\/2013\/12\/drtnk2011crop.jpg\" class=\"attachment-gallery_big size-gallery_big wp-post-image\" alt=\"\" decoding=\"async\" loading=\"lazy\" srcset=\"https:\/\/www.dobrovolnik.org\/wp-content\/uploads\/2013\/12\/drtnk2011crop.jpg 513w, https:\/\/www.dobrovolnik.org\/wp-content\/uploads\/2013\/12\/drtnk2011crop-300x117.jpg 300w\" sizes=\"(max-width: 513px) 100vw, 513px\" \/><\/a><\/p>\n<div class=\"postcontent  clearfix\">\n<h2 class=\"entry-title\"><a href=\"https:\/\/www.dobrovolnik.org\/?th_galleries=dobrovolnik-roka-trencianskeho-kraja-2011\" >Dobrovo\u013en\u00edk roka Tren\u010dianskeho kraja 2011<\/a><\/h2>\n<div class=\"entry-content\">\n\t\t\t\tRok 2011 bol vyhl\u00e1sen\u00fd za Eur\u00f3psky rok dobrovo\u013en\u00edctva. V r\u00e1mci nap\u013a\u0148ania dobrovo\u013en\u00edckeho poslania sa \u010dinnos\u0165 Rady ml\u00e1de\u017ee Tren\u010dianskeho kraja zamerala na dobrovo\u013en\u00edcke aktivity, hlavne na pr\u00e1cu s de\u0165mi a ml\u00e1de\u017eou, \u00faprav&#8230;\t\t\t\t\t\t<\/div>\n<div class=\"buttons\">\n\t\t\t\t\t\t\t\t\t\t\t\t\t\t\t\t\t\t\t<a href=\"https:\/\/www.dobrovolnik.org\/?th_galleries=dobrovolnik-roka-trencianskeho-kraja-2011\" class=\"simple_button_black clearfix\" >more info<\/a>\n\t\t\t\t\t\t\t\t\t\t\t\t\t<\/div>\n<\/p><\/div>\n<\/article><\/div>\n<\/p><\/div>\n","protected":false},"excerpt":{"rendered":"","protected":false},"author":1,"featured_media":0,"parent":0,"menu_order":0,"comment_status":"closed","ping_status":"closed","template":"","meta":[],"_links":{"self":[{"href":"https:\/\/www.dobrovolnik.org\/index.php?rest_route=\/wp\/v2\/pages\/1634"}],"collection":[{"href":"https:\/\/www.dobrovolnik.org\/index.php?rest_route=\/wp\/v2\/pages"}],"about":[{"href":"https:\/\/www.dobrovolnik.org\/index.php?rest_route=\/wp\/v2\/types\/page"}],"author":[{"embeddable":true,"href":"https:\/\/www.dobrovolnik.org\/index.php?rest_route=\/wp\/v2\/users\/1"}],"replies":[{"embeddable":true,"href":"https:\/\/www.dobrovolnik.org\/index.php?rest_route=%2Fwp%2Fv2%2Fcomments&post=1634"}],"version-history":[{"count":2,"href":"https:\/\/www.dobrovolnik.org\/index.php?rest_route=\/wp\/v2\/pages\/1634\/revisions"}],"predecessor-version":[{"id":1817,"href":"https:\/\/www.dobrovolnik.org\/index.php?rest_route=\/wp\/v2\/pages\/1634\/revisions\/1817"}],"wp:attachment":[{"href":"https:\/\/www.dobrovolnik.org\/index.php?rest_route=%2Fwp%2Fv2%2Fmedia&parent=1634"}],"curies":[{"name":"wp","href":"https:\/\/api.w.org\/{rel}","templated":true}]}}